{"id":4491,"date":"2019-12-06T12:10:53","date_gmt":"2019-12-06T12:10:53","guid":{"rendered":"https:\/\/maresalogistica.com\/actualidad\/"},"modified":"2022-03-14T15:20:43","modified_gmt":"2022-03-14T15:20:43","slug":"actualidad","status":"publish","type":"page","link":"https:\/\/maresalogistica.com\/en\/actualidad\/","title":{"rendered":"News"},"content":{"rendered":"\t\t<div data-elementor-type=\"wp-page\" data-elementor-id=\"4491\" class=\"elementor elementor-4491\" data-elementor-post-type=\"page\">\n\t\t\t\t\t\t<section class=\"elementor-section elementor-top-section elementor-element elementor-element-b8f3dce elementor-section-height-min-height elementor-section-boxed elementor-section-height-default elementor-section-items-middle\" data-id=\"b8f3dce\" data-element_type=\"section\" data-e-type=\"section\" data-settings=\"{&quot;background_background&quot;:&quot;classic&quot;,&quot;background_motion_fx_motion_fx_scrolling&quot;:&quot;yes&quot;,&quot;background_motion_fx_scale_effect&quot;:&quot;yes&quot;,&quot;background_motion_fx_scale_direction&quot;:&quot;in-out&quot;,&quot;background_motion_fx_scale_range&quot;:{&quot;unit&quot;:&quot;%&quot;,&quot;size&quot;:&quot;&quot;,&quot;sizes&quot;:{&quot;start&quot;:45,&quot;end&quot;:80}},&quot;animation&quot;:&quot;none&quot;,&quot;background_motion_fx_scale_speed&quot;:{&quot;unit&quot;:&quot;px&quot;,&quot;size&quot;:4,&quot;sizes&quot;:[]},&quot;background_motion_fx_devices&quot;:[&quot;desktop&quot;,&quot;tablet&quot;,&quot;mobile&quot;]}\">\n\t\t\t\t\t\t\t<div class=\"elementor-background-overlay\"><\/div>\n\t\t\t\t\t\t\t<div class=\"elementor-container elementor-column-gap-default\">\n\t\t\t\t\t<div class=\"elementor-column elementor-col-100 elementor-top-column elementor-element elementor-element-3f6f683\" data-id=\"3f6f683\" data-element_type=\"column\" data-e-type=\"column\">\n\t\t\t<div class=\"elementor-widget-wrap elementor-element-populated\">\n\t\t\t\t\t\t<div class=\"elementor-element elementor-element-9e3d3a3 elementor-widget elementor-widget-heading\" data-id=\"9e3d3a3\" data-element_type=\"widget\" data-e-type=\"widget\" data-settings=\"{&quot;ekit_we_effect_on&quot;:&quot;none&quot;}\" data-widget_type=\"heading.default\">\n\t\t\t\t<div class=\"elementor-widget-container\">\n\t\t\t\t\t<h1 class=\"elementor-heading-title elementor-size-large\">News<\/h1>\t\t\t\t<\/div>\n\t\t\t\t<\/div>\n\t\t\t\t\t<\/div>\n\t\t<\/div>\n\t\t\t\t\t<\/div>\n\t\t<\/section>\n\t\t\t\t<section class=\"elementor-section elementor-top-section elementor-element elementor-element-60669e1 elementor-section-boxed elementor-section-height-default elementor-section-height-default\" data-id=\"60669e1\" data-element_type=\"section\" data-e-type=\"section\">\n\t\t\t\t\t\t<div class=\"elementor-container elementor-column-gap-default\">\n\t\t\t\t\t<div class=\"elementor-column elementor-col-100 elementor-top-column elementor-element elementor-element-2527775\" data-id=\"2527775\" data-element_type=\"column\" data-e-type=\"column\">\n\t\t\t<div class=\"elementor-widget-wrap elementor-element-populated\">\n\t\t\t\t\t\t<div class=\"elementor-element elementor-element-8548dcb elementor-grid-1 elementor-posts--thumbnail-left elementor-grid-tablet-2 elementor-grid-mobile-1 elementor-widget elementor-widget-posts\" data-id=\"8548dcb\" data-element_type=\"widget\" data-e-type=\"widget\" data-settings=\"{&quot;classic_columns&quot;:&quot;1&quot;,&quot;classic_row_gap&quot;:{&quot;unit&quot;:&quot;px&quot;,&quot;size&quot;:10,&quot;sizes&quot;:[]},&quot;pagination_type&quot;:&quot;load_more_infinite_scroll&quot;,&quot;_animation&quot;:&quot;none&quot;,&quot;classic_columns_tablet&quot;:&quot;2&quot;,&quot;classic_columns_mobile&quot;:&quot;1&quot;,&quot;classic_row_gap_tablet&quot;:{&quot;unit&quot;:&quot;px&quot;,&quot;size&quot;:&quot;&quot;,&quot;sizes&quot;:[]},&quot;classic_row_gap_mobile&quot;:{&quot;unit&quot;:&quot;px&quot;,&quot;size&quot;:&quot;&quot;,&quot;sizes&quot;:[]},&quot;load_more_spinner&quot;:{&quot;value&quot;:&quot;fas fa-spinner&quot;,&quot;library&quot;:&quot;fa-solid&quot;},&quot;ekit_we_effect_on&quot;:&quot;none&quot;}\" data-widget_type=\"posts.classic\">\n\t\t\t\t<div class=\"elementor-widget-container\">\n\t\t\t\t\t\t\t<div class=\"elementor-posts-container elementor-posts elementor-posts--skin-classic elementor-grid\" role=\"list\">\n\t\t\t\t<article class=\"elementor-post elementor-grid-item post-4493 actualidad type-actualidad status-publish has-post-thumbnail hentry\" role=\"listitem\">\n\t\t\t\t<a class=\"elementor-post__thumbnail__link\" href=\"https:\/\/maresalogistica.com\/en\/blog\/actualidad\/maresa-logistica-organiza-envio-de-epis-a-canarias\/\" tabindex=\"-1\" >\n\t\t\t<div class=\"elementor-post__thumbnail\"><img decoding=\"async\" width=\"300\" height=\"157\" src=\"https:\/\/maresalogistica.com\/wp-content\/uploads\/2020\/04\/logo_canarias7-300x157.jpg\" class=\"attachment-medium size-medium wp-image-1990\" alt=\"\" srcset=\"https:\/\/maresalogistica.com\/wp-content\/uploads\/2020\/04\/logo_canarias7-300x157.jpg 300w, https:\/\/maresalogistica.com\/wp-content\/uploads\/2020\/04\/logo_canarias7-1024x537.jpg 1024w, https:\/\/maresalogistica.com\/wp-content\/uploads\/2020\/04\/logo_canarias7-768x403.jpg 768w, https:\/\/maresalogistica.com\/wp-content\/uploads\/2020\/04\/logo_canarias7.jpg 1200w\" sizes=\"(max-width: 300px) 100vw, 300px\" \/><\/div>\n\t\t<\/a>\n\t\t\t\t<div class=\"elementor-post__text\">\n\t\t\t\t<h3 class=\"elementor-post__title\">\n\t\t\t<a href=\"https:\/\/maresalogistica.com\/en\/blog\/actualidad\/maresa-logistica-organiza-envio-de-epis-a-canarias\/\" >\n\t\t\t\tMaresa logistica organiza env\u00edos de Epis a Canarias por el Covid19\t\t\t<\/a>\n\t\t<\/h3>\n\t\t\t\t<div class=\"elementor-post__excerpt\">\n\t\t\t<p>Canarias 7<\/p>\n\t\t<\/div>\n\t\t\t\t<\/div>\n\t\t\t\t<\/article>\n\t\t\t\t<article class=\"elementor-post elementor-grid-item post-4495 actualidad type-actualidad status-publish has-post-thumbnail hentry\" role=\"listitem\">\n\t\t\t\t<a class=\"elementor-post__thumbnail__link\" href=\"https:\/\/maresalogistica.com\/en\/blog\/actualidad\/aerolineas\/\" tabindex=\"-1\" >\n\t\t\t<div class=\"elementor-post__thumbnail\"><img decoding=\"async\" width=\"300\" height=\"114\" src=\"https:\/\/maresalogistica.com\/wp-content\/uploads\/2020\/03\/logo_cinco_dias-300x114.png\" class=\"attachment-medium size-medium wp-image-1927\" alt=\"\" srcset=\"https:\/\/maresalogistica.com\/wp-content\/uploads\/2020\/03\/logo_cinco_dias-300x114.png 300w, https:\/\/maresalogistica.com\/wp-content\/uploads\/2020\/03\/logo_cinco_dias-768x292.png 768w, https:\/\/maresalogistica.com\/wp-content\/uploads\/2020\/03\/logo_cinco_dias.png 820w\" sizes=\"(max-width: 300px) 100vw, 300px\" \/><\/div>\n\t\t<\/a>\n\t\t\t\t<div class=\"elementor-post__text\">\n\t\t\t\t<h3 class=\"elementor-post__title\">\n\t\t\t<a href=\"https:\/\/maresalogistica.com\/en\/blog\/actualidad\/aerolineas\/\" >\n\t\t\t\tLas aerol\u00edneas de carga y la log\u00edstica advierten de cuellos de botella para el movimiento de material sanitario\t\t\t<\/a>\n\t\t<\/h3>\n\t\t\t\t<div class=\"elementor-post__excerpt\">\n\t\t\t<p>Cinco D\u00edas<\/p>\n\t\t<\/div>\n\t\t\t\t<\/div>\n\t\t\t\t<\/article>\n\t\t\t\t<article class=\"elementor-post elementor-grid-item post-4497 actualidad type-actualidad status-publish has-post-thumbnail hentry\" role=\"listitem\">\n\t\t\t\t<a class=\"elementor-post__thumbnail__link\" href=\"https:\/\/maresalogistica.com\/en\/blog\/actualidad\/salo_septiembre\/\" tabindex=\"-1\" >\n\t\t\t<div class=\"elementor-post__thumbnail\"><img decoding=\"async\" width=\"300\" height=\"98\" src=\"https:\/\/maresalogistica.com\/wp-content\/uploads\/2020\/03\/logo_cronica_global-1-300x98.png\" class=\"attachment-medium size-medium wp-image-1930\" alt=\"\" srcset=\"https:\/\/maresalogistica.com\/wp-content\/uploads\/2020\/03\/logo_cronica_global-1-300x98.png 300w, https:\/\/maresalogistica.com\/wp-content\/uploads\/2020\/03\/logo_cronica_global-1.png 400w\" sizes=\"(max-width: 300px) 100vw, 300px\" \/><\/div>\n\t\t<\/a>\n\t\t\t\t<div class=\"elementor-post__text\">\n\t\t\t\t<h3 class=\"elementor-post__title\">\n\t\t\t<a href=\"https:\/\/maresalogistica.com\/en\/blog\/actualidad\/salo_septiembre\/\" >\n\t\t\t\tEl sal\u00f3n de la log\u00edstica pospuesto hasta septiembre\t\t\t<\/a>\n\t\t<\/h3>\n\t\t\t\t<div class=\"elementor-post__excerpt\">\n\t\t\t<p>Cr\u00f3nica Global<\/p>\n\t\t<\/div>\n\t\t\t\t<\/div>\n\t\t\t\t<\/article>\n\t\t\t\t<article class=\"elementor-post elementor-grid-item post-4499 actualidad type-actualidad status-publish has-post-thumbnail hentry\" role=\"listitem\">\n\t\t\t\t<a class=\"elementor-post__thumbnail__link\" href=\"https:\/\/maresalogistica.com\/en\/blog\/actualidad\/coronavirus\/\" tabindex=\"-1\" >\n\t\t\t<div class=\"elementor-post__thumbnail\"><img loading=\"lazy\" decoding=\"async\" width=\"300\" height=\"125\" src=\"https:\/\/maresalogistica.com\/wp-content\/uploads\/2020\/03\/logo_el_vigia.png\" class=\"attachment-medium size-medium wp-image-1919\" alt=\"\" \/><\/div>\n\t\t<\/a>\n\t\t\t\t<div class=\"elementor-post__text\">\n\t\t\t\t<h3 class=\"elementor-post__title\">\n\t\t\t<a href=\"https:\/\/maresalogistica.com\/en\/blog\/actualidad\/coronavirus\/\" >\n\t\t\t\tCoronavirus, el nuevo desaf\u00edo global para la log\u00edstica\t\t\t<\/a>\n\t\t<\/h3>\n\t\t\t\t<div class=\"elementor-post__excerpt\">\n\t\t\t<p>El Vigia<\/p>\n\t\t<\/div>\n\t\t\t\t<\/div>\n\t\t\t\t<\/article>\n\t\t\t\t<article class=\"elementor-post elementor-grid-item post-4501 actualidad type-actualidad status-publish has-post-thumbnail hentry\" role=\"listitem\">\n\t\t\t\t<a class=\"elementor-post__thumbnail__link\" href=\"https:\/\/maresalogistica.com\/en\/blog\/actualidad\/logistica-erte\/\" tabindex=\"-1\" >\n\t\t\t<div class=\"elementor-post__thumbnail\"><img loading=\"lazy\" decoding=\"async\" width=\"300\" height=\"91\" src=\"https:\/\/maresalogistica.com\/wp-content\/uploads\/2020\/03\/logo_c_comunicacion-300x91.png\" class=\"attachment-medium size-medium wp-image-1915\" alt=\"\" srcset=\"https:\/\/maresalogistica.com\/wp-content\/uploads\/2020\/03\/logo_c_comunicacion-300x91.png 300w, https:\/\/maresalogistica.com\/wp-content\/uploads\/2020\/03\/logo_c_comunicacion.png 330w\" sizes=\"(max-width: 300px) 100vw, 300px\" \/><\/div>\n\t\t<\/a>\n\t\t\t\t<div class=\"elementor-post__text\">\n\t\t\t\t<h3 class=\"elementor-post__title\">\n\t\t\t<a href=\"https:\/\/maresalogistica.com\/en\/blog\/actualidad\/logistica-erte\/\" >\n\t\t\t\tLa log\u00edstica busca acogerse al ERTE por causa mayor y reclama claridad al Gobierno\t\t\t<\/a>\n\t\t<\/h3>\n\t\t\t\t<div class=\"elementor-post__excerpt\">\n\t\t\t<p>C de comunicaci\u00f3n logistica<\/p>\n\t\t<\/div>\n\t\t\t\t<\/div>\n\t\t\t\t<\/article>\n\t\t\t\t<article class=\"elementor-post elementor-grid-item post-4504 actualidad type-actualidad status-publish has-post-thumbnail hentry\" role=\"listitem\">\n\t\t\t\t<a class=\"elementor-post__thumbnail__link\" href=\"https:\/\/maresalogistica.com\/en\/blog\/actualidad\/sostenibilidad-costes-y-tecnologia-las-claves-de-la-logistica\/\" tabindex=\"-1\" >\n\t\t\t<div class=\"elementor-post__thumbnail\"><img loading=\"lazy\" decoding=\"async\" width=\"272\" height=\"90\" src=\"https:\/\/maresalogistica.com\/wp-content\/uploads\/2019\/12\/logo-dirge.png\" class=\"attachment-medium size-medium wp-image-685\" alt=\"\" \/><\/div>\n\t\t<\/a>\n\t\t\t\t<div class=\"elementor-post__text\">\n\t\t\t\t<h3 class=\"elementor-post__title\">\n\t\t\t<a href=\"https:\/\/maresalogistica.com\/en\/blog\/actualidad\/sostenibilidad-costes-y-tecnologia-las-claves-de-la-logistica\/\" >\n\t\t\t\tSostenibilidad, costes y tecnolog\u00eda; las claves de la log\u00edstica\t\t\t<\/a>\n\t\t<\/h3>\n\t\t\t\t<div class=\"elementor-post__excerpt\">\n\t\t\t<p>Directivos y gerentes<\/p>\n\t\t<\/div>\n\t\t\t\t<\/div>\n\t\t\t\t<\/article>\n\t\t\t\t<article class=\"elementor-post elementor-grid-item post-4507 actualidad type-actualidad status-publish has-post-thumbnail hentry\" role=\"listitem\">\n\t\t\t\t<a class=\"elementor-post__thumbnail__link\" href=\"https:\/\/maresalogistica.com\/en\/blog\/actualidad\/como-afecta-la-industria-4-0-a-la-logistica\/\" tabindex=\"-1\" >\n\t\t\t<div class=\"elementor-post__thumbnail\"><img loading=\"lazy\" decoding=\"async\" width=\"300\" height=\"79\" src=\"https:\/\/maresalogistica.com\/wp-content\/uploads\/2019\/12\/logo-manutencion-300x79.png\" class=\"attachment-medium size-medium wp-image-687\" alt=\"\" srcset=\"https:\/\/maresalogistica.com\/wp-content\/uploads\/2019\/12\/logo-manutencion-300x79.png 300w, https:\/\/maresalogistica.com\/wp-content\/uploads\/2019\/12\/logo-manutencion.png 476w\" sizes=\"(max-width: 300px) 100vw, 300px\" \/><\/div>\n\t\t<\/a>\n\t\t\t\t<div class=\"elementor-post__text\">\n\t\t\t\t<h3 class=\"elementor-post__title\">\n\t\t\t<a href=\"https:\/\/maresalogistica.com\/en\/blog\/actualidad\/como-afecta-la-industria-4-0-a-la-logistica\/\" >\n\t\t\t\t\u00bfC\u00f3mo afecta la industria 4.0 a la log\u00edstica?\t\t\t<\/a>\n\t\t<\/h3>\n\t\t\t\t<div class=\"elementor-post__excerpt\">\n\t\t\t<p>Manutenci\u00f3n y almacenaje<\/p>\n\t\t<\/div>\n\t\t\t\t<\/div>\n\t\t\t\t<\/article>\n\t\t\t\t<article class=\"elementor-post elementor-grid-item post-4510 actualidad type-actualidad status-publish has-post-thumbnail hentry\" role=\"listitem\">\n\t\t\t\t<a class=\"elementor-post__thumbnail__link\" href=\"https:\/\/maresalogistica.com\/en\/blog\/actualidad\/379\/\" tabindex=\"-1\" >\n\t\t\t<div class=\"elementor-post__thumbnail\"><img loading=\"lazy\" decoding=\"async\" width=\"300\" height=\"158\" src=\"https:\/\/maresalogistica.com\/wp-content\/uploads\/2019\/12\/logo-abc-300x158.png\" class=\"attachment-medium size-medium wp-image-683\" alt=\"\" srcset=\"https:\/\/maresalogistica.com\/wp-content\/uploads\/2019\/12\/logo-abc-300x158.png 300w, https:\/\/maresalogistica.com\/wp-content\/uploads\/2019\/12\/logo-abc.png 310w\" sizes=\"(max-width: 300px) 100vw, 300px\" \/><\/div>\n\t\t<\/a>\n\t\t\t\t<div class=\"elementor-post__text\">\n\t\t\t\t<h3 class=\"elementor-post__title\">\n\t\t\t<a href=\"https:\/\/maresalogistica.com\/en\/blog\/actualidad\/379\/\" >\n\t\t\t\tUNO denuncia las trabas de correos para que los operadores de log\u00edstica acedan a CityPaq\t\t\t<\/a>\n\t\t<\/h3>\n\t\t\t\t<div class=\"elementor-post__excerpt\">\n\t\t\t<p>ABC<\/p>\n\t\t<\/div>\n\t\t\t\t<\/div>\n\t\t\t\t<\/article>\n\t\t\t\t<\/div>\n\t\t\t\t\t<span class=\"e-load-more-spinner\">\n\t\t\t\t<i aria-hidden=\"true\" class=\"fas fa-spinner\"><\/i>\t\t\t<\/span>\n\t\t\n\t\t\t\t\t\t<\/div>\n\t\t\t\t<\/div>\n\t\t\t\t\t<\/div>\n\t\t<\/div>\n\t\t\t\t\t<\/div>\n\t\t<\/section>\n\t\t\t\t<\/div>\n\t\t","protected":false},"excerpt":{"rendered":"","protected":false},"author":3,"featured_media":1025,"parent":0,"menu_order":3,"comment_status":"closed","ping_status":"closed","template":"","meta":{"_monsterinsights_skip_tracking":false,"_monsterinsights_sitenote_active":false,"_monsterinsights_sitenote_note":"","_monsterinsights_sitenote_category":0,"footnotes":"","_links_to":"","_links_to_target":""},"class_list":["post-4491","page","type-page","status-publish","has-post-thumbnail","hentry"],"yoast_head":"<!-- This site is optimized with the Yoast SEO plugin v27.3 - https:\/\/yoast.com\/product\/yoast-seo-wordpress\/ -->\n<title>Maresa Log\u00edstica and industry news and press releases<\/title>\n<meta name=\"description\" content=\"Conoce c\u00f3mo hablan de Maresa en los medios a nivel nacional como Cinco D\u00edas, ABC o Canarias 7. Todas nuestras apariciones en la prensa.\" \/>\n<meta name=\"robots\" content=\"noindex, follow\" \/>\n<meta property=\"og:locale\" content=\"en_US\" \/>\n<meta property=\"og:type\" content=\"article\" \/>\n<meta property=\"og:title\" content=\"Maresa Log\u00edstica and industry news and press releases\" \/>\n<meta property=\"og:description\" content=\"Conoce c\u00f3mo hablan de Maresa en los medios a nivel nacional como Cinco D\u00edas, ABC o Canarias 7. Todas nuestras apariciones en la prensa.\" \/>\n<meta property=\"og:url\" content=\"https:\/\/maresalogistica.com\/en\/actualidad\/\" \/>\n<meta property=\"og:site_name\" content=\"Maresa Log\u00edstica\" \/>\n<meta property=\"article:modified_time\" content=\"2022-03-14T15:20:43+00:00\" \/>\n<meta property=\"og:image\" content=\"https:\/\/maresalogistica.com\/wp-content\/uploads\/2019\/12\/maresa-actualidad.jpg\" \/>\n\t<meta property=\"og:image:width\" content=\"2513\" \/>\n\t<meta property=\"og:image:height\" content=\"1669\" \/>\n\t<meta property=\"og:image:type\" content=\"image\/jpeg\" \/>\n<meta name=\"twitter:card\" content=\"summary_large_image\" \/>\n<script type=\"application\/ld+json\" class=\"yoast-schema-graph\">{\"@context\":\"https:\\\/\\\/schema.org\",\"@graph\":[{\"@type\":\"WebPage\",\"@id\":\"https:\\\/\\\/maresalogistica.com\\\/en\\\/actualidad\\\/\",\"url\":\"https:\\\/\\\/maresalogistica.com\\\/en\\\/actualidad\\\/\",\"name\":\"Maresa Log\u00edstica and industry news and press releases\",\"isPartOf\":{\"@id\":\"https:\\\/\\\/maresalogistica.com\\\/en\\\/#website\"},\"primaryImageOfPage\":{\"@id\":\"https:\\\/\\\/maresalogistica.com\\\/en\\\/actualidad\\\/#primaryimage\"},\"image\":{\"@id\":\"https:\\\/\\\/maresalogistica.com\\\/en\\\/actualidad\\\/#primaryimage\"},\"thumbnailUrl\":\"https:\\\/\\\/maresalogistica.com\\\/wp-content\\\/uploads\\\/2019\\\/12\\\/maresa-actualidad.jpg\",\"datePublished\":\"2019-12-06T12:10:53+00:00\",\"dateModified\":\"2022-03-14T15:20:43+00:00\",\"description\":\"Conoce c\u00f3mo hablan de Maresa en los medios a nivel nacional como Cinco D\u00edas, ABC o Canarias 7. Todas nuestras apariciones en la prensa.\",\"breadcrumb\":{\"@id\":\"https:\\\/\\\/maresalogistica.com\\\/en\\\/actualidad\\\/#breadcrumb\"},\"inLanguage\":\"en-US\",\"potentialAction\":[{\"@type\":\"ReadAction\",\"target\":[\"https:\\\/\\\/maresalogistica.com\\\/en\\\/actualidad\\\/\"]}]},{\"@type\":\"ImageObject\",\"inLanguage\":\"en-US\",\"@id\":\"https:\\\/\\\/maresalogistica.com\\\/en\\\/actualidad\\\/#primaryimage\",\"url\":\"https:\\\/\\\/maresalogistica.com\\\/wp-content\\\/uploads\\\/2019\\\/12\\\/maresa-actualidad.jpg\",\"contentUrl\":\"https:\\\/\\\/maresalogistica.com\\\/wp-content\\\/uploads\\\/2019\\\/12\\\/maresa-actualidad.jpg\",\"width\":2513,\"height\":1669,\"caption\":\"27588734 - row of newspapers\"},{\"@type\":\"BreadcrumbList\",\"@id\":\"https:\\\/\\\/maresalogistica.com\\\/en\\\/actualidad\\\/#breadcrumb\",\"itemListElement\":[{\"@type\":\"ListItem\",\"position\":1,\"name\":\"Home\",\"item\":\"https:\\\/\\\/maresalogistica.com\\\/en\\\/\"},{\"@type\":\"ListItem\",\"position\":2,\"name\":\"News\"}]},{\"@type\":\"WebSite\",\"@id\":\"https:\\\/\\\/maresalogistica.com\\\/en\\\/#website\",\"url\":\"https:\\\/\\\/maresalogistica.com\\\/en\\\/\",\"name\":\"Maresa Log\u00edstica\",\"description\":\"Operador log\u00edstico y de transportes\",\"publisher\":{\"@id\":\"https:\\\/\\\/maresalogistica.com\\\/en\\\/#organization\"},\"potentialAction\":[{\"@type\":\"SearchAction\",\"target\":{\"@type\":\"EntryPoint\",\"urlTemplate\":\"https:\\\/\\\/maresalogistica.com\\\/en\\\/?s={search_term_string}\"},\"query-input\":{\"@type\":\"PropertyValueSpecification\",\"valueRequired\":true,\"valueName\":\"search_term_string\"}}],\"inLanguage\":\"en-US\"},{\"@type\":\"Organization\",\"@id\":\"https:\\\/\\\/maresalogistica.com\\\/en\\\/#organization\",\"name\":\"Maresa log\u00edstica > log\u00edstica y transportes a Baleares, Canarias, Ceuta y Melilla\",\"url\":\"https:\\\/\\\/maresalogistica.com\\\/en\\\/\",\"logo\":{\"@type\":\"ImageObject\",\"inLanguage\":\"en-US\",\"@id\":\"https:\\\/\\\/maresalogistica.com\\\/en\\\/#\\\/schema\\\/logo\\\/image\\\/\",\"url\":\"https:\\\/\\\/maresalogistica.com\\\/wp-content\\\/uploads\\\/2020\\\/02\\\/logo-maresa-logistica-square-big.png\",\"contentUrl\":\"https:\\\/\\\/maresalogistica.com\\\/wp-content\\\/uploads\\\/2020\\\/02\\\/logo-maresa-logistica-square-big.png\",\"width\":420,\"height\":420,\"caption\":\"Maresa log\u00edstica > log\u00edstica y transportes a Baleares, Canarias, Ceuta y Melilla\"},\"image\":{\"@id\":\"https:\\\/\\\/maresalogistica.com\\\/en\\\/#\\\/schema\\\/logo\\\/image\\\/\"}}]}<\/script>\n<!-- \/ Yoast SEO plugin. -->","yoast_head_json":{"title":"Maresa Log\u00edstica and industry news and press releases","description":"Conoce c\u00f3mo hablan de Maresa en los medios a nivel nacional como Cinco D\u00edas, ABC o Canarias 7. Todas nuestras apariciones en la prensa.","robots":{"index":"noindex","follow":"follow"},"og_locale":"en_US","og_type":"article","og_title":"Maresa Log\u00edstica and industry news and press releases","og_description":"Conoce c\u00f3mo hablan de Maresa en los medios a nivel nacional como Cinco D\u00edas, ABC o Canarias 7. Todas nuestras apariciones en la prensa.","og_url":"https:\/\/maresalogistica.com\/en\/actualidad\/","og_site_name":"Maresa Log\u00edstica","article_modified_time":"2022-03-14T15:20:43+00:00","og_image":[{"width":2513,"height":1669,"url":"https:\/\/maresalogistica.com\/wp-content\/uploads\/2019\/12\/maresa-actualidad.jpg","type":"image\/jpeg"}],"twitter_card":"summary_large_image","schema":{"@context":"https:\/\/schema.org","@graph":[{"@type":"WebPage","@id":"https:\/\/maresalogistica.com\/en\/actualidad\/","url":"https:\/\/maresalogistica.com\/en\/actualidad\/","name":"Maresa Log\u00edstica and industry news and press releases","isPartOf":{"@id":"https:\/\/maresalogistica.com\/en\/#website"},"primaryImageOfPage":{"@id":"https:\/\/maresalogistica.com\/en\/actualidad\/#primaryimage"},"image":{"@id":"https:\/\/maresalogistica.com\/en\/actualidad\/#primaryimage"},"thumbnailUrl":"https:\/\/maresalogistica.com\/wp-content\/uploads\/2019\/12\/maresa-actualidad.jpg","datePublished":"2019-12-06T12:10:53+00:00","dateModified":"2022-03-14T15:20:43+00:00","description":"Conoce c\u00f3mo hablan de Maresa en los medios a nivel nacional como Cinco D\u00edas, ABC o Canarias 7. Todas nuestras apariciones en la prensa.","breadcrumb":{"@id":"https:\/\/maresalogistica.com\/en\/actualidad\/#breadcrumb"},"inLanguage":"en-US","potentialAction":[{"@type":"ReadAction","target":["https:\/\/maresalogistica.com\/en\/actualidad\/"]}]},{"@type":"ImageObject","inLanguage":"en-US","@id":"https:\/\/maresalogistica.com\/en\/actualidad\/#primaryimage","url":"https:\/\/maresalogistica.com\/wp-content\/uploads\/2019\/12\/maresa-actualidad.jpg","contentUrl":"https:\/\/maresalogistica.com\/wp-content\/uploads\/2019\/12\/maresa-actualidad.jpg","width":2513,"height":1669,"caption":"27588734 - row of newspapers"},{"@type":"BreadcrumbList","@id":"https:\/\/maresalogistica.com\/en\/actualidad\/#breadcrumb","itemListElement":[{"@type":"ListItem","position":1,"name":"Home","item":"https:\/\/maresalogistica.com\/en\/"},{"@type":"ListItem","position":2,"name":"News"}]},{"@type":"WebSite","@id":"https:\/\/maresalogistica.com\/en\/#website","url":"https:\/\/maresalogistica.com\/en\/","name":"Maresa Log\u00edstica","description":"Operador log\u00edstico y de transportes","publisher":{"@id":"https:\/\/maresalogistica.com\/en\/#organization"},"potentialAction":[{"@type":"SearchAction","target":{"@type":"EntryPoint","urlTemplate":"https:\/\/maresalogistica.com\/en\/?s={search_term_string}"},"query-input":{"@type":"PropertyValueSpecification","valueRequired":true,"valueName":"search_term_string"}}],"inLanguage":"en-US"},{"@type":"Organization","@id":"https:\/\/maresalogistica.com\/en\/#organization","name":"Maresa log\u00edstica > log\u00edstica y transportes a Baleares, Canarias, Ceuta y Melilla","url":"https:\/\/maresalogistica.com\/en\/","logo":{"@type":"ImageObject","inLanguage":"en-US","@id":"https:\/\/maresalogistica.com\/en\/#\/schema\/logo\/image\/","url":"https:\/\/maresalogistica.com\/wp-content\/uploads\/2020\/02\/logo-maresa-logistica-square-big.png","contentUrl":"https:\/\/maresalogistica.com\/wp-content\/uploads\/2020\/02\/logo-maresa-logistica-square-big.png","width":420,"height":420,"caption":"Maresa log\u00edstica > log\u00edstica y transportes a Baleares, Canarias, Ceuta y Melilla"},"image":{"@id":"https:\/\/maresalogistica.com\/en\/#\/schema\/logo\/image\/"}}]}},"_links":{"self":[{"href":"https:\/\/maresalogistica.com\/en\/wp-json\/wp\/v2\/pages\/4491","targetHints":{"allow":["GET"]}}],"collection":[{"href":"https:\/\/maresalogistica.com\/en\/wp-json\/wp\/v2\/pages"}],"about":[{"href":"https:\/\/maresalogistica.com\/en\/wp-json\/wp\/v2\/types\/page"}],"author":[{"embeddable":true,"href":"https:\/\/maresalogistica.com\/en\/wp-json\/wp\/v2\/users\/3"}],"replies":[{"embeddable":true,"href":"https:\/\/maresalogistica.com\/en\/wp-json\/wp\/v2\/comments?post=4491"}],"version-history":[{"count":4,"href":"https:\/\/maresalogistica.com\/en\/wp-json\/wp\/v2\/pages\/4491\/revisions"}],"predecessor-version":[{"id":4545,"href":"https:\/\/maresalogistica.com\/en\/wp-json\/wp\/v2\/pages\/4491\/revisions\/4545"}],"wp:featuredmedia":[{"embeddable":true,"href":"https:\/\/maresalogistica.com\/en\/wp-json\/wp\/v2\/media\/1025"}],"wp:attachment":[{"href":"https:\/\/maresalogistica.com\/en\/wp-json\/wp\/v2\/media?parent=4491"}],"curies":[{"name":"wp","href":"https:\/\/api.w.org\/{rel}","templated":true}]}}