{"id":2041,"date":"2020-06-03T08:47:56","date_gmt":"2020-06-03T08:47:56","guid":{"rendered":"https:\/\/maresalogistica.com\/politica-de-cookies\/"},"modified":"2023-01-11T18:29:05","modified_gmt":"2023-01-11T16:29:05","slug":"politica-de-cookies","status":"publish","type":"page","link":"https:\/\/maresalogistica.com\/ca\/politica-de-cookies\/","title":{"rendered":"POL\u00cdTICA DE COOKIES"},"content":{"rendered":"\t\t<div data-elementor-type=\"wp-page\" data-elementor-id=\"2041\" class=\"elementor elementor-2041\" data-elementor-post-type=\"page\">\n\t\t\t\t\t\t<section class=\"elementor-section elementor-top-section elementor-element elementor-element-3d238b8c elementor-section-content-middle elementor-section-boxed elementor-section-height-default elementor-section-height-default\" data-id=\"3d238b8c\" data-element_type=\"section\" data-e-type=\"section\">\n\t\t\t\t\t\t<div class=\"elementor-container elementor-column-gap-no\">\n\t\t\t\t\t<div class=\"elementor-column elementor-col-100 elementor-top-column elementor-element elementor-element-4c060a08\" data-id=\"4c060a08\" data-element_type=\"column\" data-e-type=\"column\">\n\t\t\t<div class=\"elementor-widget-wrap elementor-element-populated\">\n\t\t\t\t\t\t<div class=\"elementor-element elementor-element-10c061fb elementor-widget-divider--view-line elementor-widget elementor-widget-divider\" data-id=\"10c061fb\" data-element_type=\"widget\" data-e-type=\"widget\" data-settings=\"{&quot;ekit_we_effect_on&quot;:&quot;none&quot;}\" data-widget_type=\"divider.default\">\n\t\t\t\t<div class=\"elementor-widget-container\">\n\t\t\t\t\t\t\t<div class=\"elementor-divider\">\n\t\t\t<span class=\"elementor-divider-separator\">\n\t\t\t\t\t\t<\/span>\n\t\t<\/div>\n\t\t\t\t\t\t<\/div>\n\t\t\t\t<\/div>\n\t\t\t\t<div class=\"elementor-element elementor-element-2e30863 elementor-widget elementor-widget-heading\" data-id=\"2e30863\" data-element_type=\"widget\" data-e-type=\"widget\" data-settings=\"{&quot;ekit_we_effect_on&quot;:&quot;none&quot;}\" data-widget_type=\"heading.default\">\n\t\t\t\t<div class=\"elementor-widget-container\">\n\t\t\t\t\t<h1 class=\"elementor-heading-title elementor-size-default\">POL\u00cdTICA DE COOKIES<\/h1>\t\t\t\t<\/div>\n\t\t\t\t<\/div>\n\t\t\t\t<div class=\"elementor-element elementor-element-600b1799 elementor-widget-divider--view-line elementor-widget elementor-widget-divider\" data-id=\"600b1799\" data-element_type=\"widget\" data-e-type=\"widget\" data-settings=\"{&quot;ekit_we_effect_on&quot;:&quot;none&quot;}\" data-widget_type=\"divider.default\">\n\t\t\t\t<div class=\"elementor-widget-container\">\n\t\t\t\t\t\t\t<div class=\"elementor-divider\">\n\t\t\t<span class=\"elementor-divider-separator\">\n\t\t\t\t\t\t<\/span>\n\t\t<\/div>\n\t\t\t\t\t\t<\/div>\n\t\t\t\t<\/div>\n\t\t\t\t\t<\/div>\n\t\t<\/div>\n\t\t\t\t\t<\/div>\n\t\t<\/section>\n\t\t\t\t<section class=\"elementor-section elementor-top-section elementor-element elementor-element-5a4671f elementor-section-boxed elementor-section-height-default elementor-section-height-default\" data-id=\"5a4671f\" data-element_type=\"section\" data-e-type=\"section\">\n\t\t\t\t\t\t<div class=\"elementor-container elementor-column-gap-default\">\n\t\t\t\t\t<div class=\"elementor-column elementor-col-100 elementor-top-column elementor-element elementor-element-064de34\" data-id=\"064de34\" data-element_type=\"column\" data-e-type=\"column\">\n\t\t\t<div class=\"elementor-widget-wrap elementor-element-populated\">\n\t\t\t\t\t\t<div class=\"elementor-element elementor-element-c271ff3 elementor-widget elementor-widget-text-editor\" data-id=\"c271ff3\" data-element_type=\"widget\" data-e-type=\"widget\" data-settings=\"{&quot;ekit_we_effect_on&quot;:&quot;none&quot;}\" data-widget_type=\"text-editor.default\">\n\t\t\t\t<div class=\"elementor-widget-container\">\n\t\t\t\t\t\t\t\t\t<div class=\"paragraph\">\n<p>Segons el que es disposa en la Llei 34\/2002, de l\u201911 de juliol, de Serveis de la Societat de la Informaci\u00f3 i de Comer\u00e7 Electr\u00f2nic (LSSI-CE), MARESA LOG\u00cdSTICA informa de les cookies utilitzades en nostra p\u00e0gina web:<\/p>\n<\/div>\n<div class=\"paragraph\">\n<table class=\"cells\" width=\"100%\">\n<tbody>\n<tr>\n<td class=\"cell\" align=\"left\" valign=\"top\" width=\"40%\"><\/td>\n<td class=\"cell\" align=\"left\" valign=\"top\" width=\"15%\">Cookies pr\u00f2pies<\/td>\n<td class=\"cell\" align=\"left\" valign=\"top\" width=\"15%\">Cookies de tercers<\/td>\n<td class=\"cell\" align=\"left\" valign=\"top\" width=\"15%\">Cookies de sessi\u00f3<\/td>\n<td class=\"cell\" align=\"left\" valign=\"top\" width=\"15%\">Cookies persistents<\/td>\n<\/tr>\n<tr>\n<td class=\"cell\" align=\"left\" valign=\"top\" width=\"40%\">Cookies t\u00e8cniques<\/td>\n<td class=\"cell\" align=\"left\" valign=\"top\" width=\"15%\">X<\/td>\n<td class=\"cell\" align=\"left\" valign=\"top\" width=\"15%\"><\/td>\n<td class=\"cell\" align=\"left\" valign=\"top\" width=\"15%\"><\/td>\n<td class=\"cell\" align=\"left\" valign=\"top\" width=\"15%\">X<\/td>\n<\/tr>\n<tr>\n<td class=\"cell\" align=\"left\" valign=\"top\" width=\"40%\">Cookies de personalitzaci\u00f3<\/td>\n<td class=\"cell\" align=\"left\" valign=\"top\" width=\"15%\"><\/td>\n<td class=\"cell\" align=\"left\" valign=\"top\" width=\"15%\"><\/td>\n<td class=\"cell\" align=\"left\" valign=\"top\" width=\"15%\"><\/td>\n<td class=\"cell\" align=\"left\" valign=\"top\" width=\"15%\"><\/td>\n<\/tr>\n<tr>\n<td class=\"cell\" align=\"left\" valign=\"top\" width=\"40%\">Cookies d&#8217;an\u00e0lisi<\/td>\n<td class=\"cell\" align=\"left\" valign=\"top\" width=\"15%\"><\/td>\n<td class=\"cell\" align=\"left\" valign=\"top\" width=\"15%\">X<\/td>\n<td class=\"cell\" align=\"left\" valign=\"top\" width=\"15%\"><\/td>\n<td class=\"cell\" align=\"left\" valign=\"top\" width=\"15%\"><\/td>\n<\/tr>\n<tr>\n<td class=\"cell\" align=\"left\" valign=\"top\" width=\"40%\">Cookies publicit\u00e0ries<\/td>\n<td class=\"cell\" align=\"left\" valign=\"top\" width=\"15%\"><\/td>\n<td class=\"cell\" align=\"left\" valign=\"top\" width=\"15%\"><\/td>\n<td class=\"cell\" align=\"left\" valign=\"top\" width=\"15%\"><\/td>\n<td class=\"cell\" align=\"left\" valign=\"top\" width=\"15%\"><\/td>\n<\/tr>\n<tr>\n<td class=\"cell\" align=\"left\" valign=\"top\" width=\"40%\">Cookies de publicitat comportamental<\/td>\n<td class=\"cell\" align=\"left\" valign=\"top\" width=\"15%\"><\/td>\n<td class=\"cell\" align=\"left\" valign=\"top\" width=\"15%\"><\/td>\n<td class=\"cell\" align=\"left\" valign=\"top\" width=\"15%\"><\/td>\n<td class=\"cell\" align=\"left\" valign=\"top\" width=\"15%\"><\/td>\n<\/tr>\n<\/tbody>\n<\/table>\n<\/div>\n<div class=\"paragraph\">\n<p>Les cookies romanen un any en el seu equip des que s\u00f3n acceptades.<\/p>\n<p>Google analytics: L\u2019utilitzem per con\u00e8ixer millor el tipus de tr\u00e0fic de la nostra web, visites i altres caracter\u00edstiques. Pot configurar el seu navegador a trav\u00e9s d&#8217;aquest enlla\u00e7 perqu\u00e8 les cookies d&#8217;aquest editor no s&#8217;instal\u00b7lin en el seu equip si aix\u00ed ho desitja.<\/p>\n<p><a title=\"\" href=\"https:\/\/support.google.com\/analytics\/answer\/181881?hl=es\" target=\"_blank\" rel=\"noopener\">https:\/\/support.google.com\/analytics\/answer\/181881?hl=es<\/a><\/p>\n<p>Com actua<br \/>\n<a title=\"\" href=\"https:\/\/developers.google.com\/analytics\/devguides\/collection\/analyticsjs\/cookie-usage?hl=es-419\" target=\"_blank\" rel=\"noopener\">https:\/\/developers.google.com\/analytics\/devguides\/collection\/analyticsjs\/cookie-usage?hl=es-419<\/a><\/p>\n<\/div>\n<div class=\"paragraph\">\n<p>Maresa Log\u00edstica informa a l&#8217;usuari que t\u00e9 la possibilitat de configurar el seu navegador de manera que se l\u2019informi de la recepci\u00f3 de cookies, podent, si aix\u00ed ho desitja, impedir que siguin instal\u00b7lades en el seu disc dur.<\/p>\n<p>A continuaci\u00f3 li proporcionem els enlla\u00e7os de diversos navegadors a trav\u00e9s dels quals podr\u00e0 realitzar aquesta configuraci\u00f3:<\/p>\n<\/div>\n<div class=\"paragraph\">\n<ul>\n<li><a title=\"\" href=\"https:\/\/support.mozilla.org\/es\/kb\/habilitar-y-deshabilitar-cookies-sitios-web-rastrear-preferencias\" target=\"_blank\" rel=\"noopener\">Firefox<\/a><\/li>\n<li><a title=\"\" href=\"https:\/\/support.google.com\/chrome\/answer\/95647?hl=es\" target=\"_blank\" rel=\"noopener\">Chrome<\/a><\/li>\n<li><a title=\"\" href=\"http:\/\/support.google.com\/chrome\/bin\/answer.py?hl=es&amp;answer=95647\" target=\"_blank\" rel=\"noopener\">Explorer<\/a><\/li>\n<li><a title=\"\" href=\"https:\/\/support.apple.com\/kb\/ph17191?locale=es_ES\" target=\"_blank\" rel=\"noopener\">Safari<\/a><\/li>\n<li><a title=\"\" href=\"http:\/\/help.opera.com\/Windows\/11.50\/es-ES\/cookies.html\" target=\"_blank\" rel=\"noopener\">Opera<\/a><\/li>\n<\/ul>\n<\/div>\n\t\t\t\t\t\t\t\t<\/div>\n\t\t\t\t<\/div>\n\t\t\t\t\t<\/div>\n\t\t<\/div>\n\t\t\t\t\t<\/div>\n\t\t<\/section>\n\t\t\t\t<\/div>\n\t\t","protected":false},"excerpt":{"rendered":"<p>Segons el que es disposa en la Llei 34\/2002, de l\u201911 de juliol, de Serveis de la Societat de la Informaci\u00f3 i de Comer\u00e7 Electr\u00f2nic (LSSI-CE), MARESA LOG\u00cdSTICA informa de les cookies utilitzades en nostra p\u00e0gina web: Cookies pr\u00f2pies Cookies de tercers Cookies de sessi\u00f3 Cookies persistents Cookies t\u00e8cniques X X Cookies de personalitzaci\u00f3 Cookies &#8230; <a title=\"POL\u00cdTICA DE COOKIES\" class=\"read-more\" href=\"https:\/\/maresalogistica.com\/ca\/politica-de-cookies\/\" aria-label=\"M\u00e9s informaci\u00f3 sobre POL\u00cdTICA DE COOKIES\">Llegiu m\u00e9s<\/a><\/p>\n","protected":false},"author":3,"featured_media":0,"parent":0,"menu_order":12,"comment_status":"closed","ping_status":"closed","template":"","meta":{"_monsterinsights_skip_tracking":false,"_monsterinsights_sitenote_active":false,"_monsterinsights_sitenote_note":"","_monsterinsights_sitenote_category":0,"footnotes":"","_links_to":"","_links_to_target":""},"class_list":["post-2041","page","type-page","status-publish"],"yoast_head":"<!-- This site is optimized with the Yoast SEO plugin v27.4 - https:\/\/yoast.com\/product\/yoast-seo-wordpress\/ -->\n<title>POL\u00cdTICA DE COOKIES &#060; Maresa Log\u00edstica<\/title>\n<meta name=\"robots\" content=\"index, follow, max-snippet:-1, max-image-preview:large, max-video-preview:-1\" \/>\n<link rel=\"canonical\" href=\"https:\/\/maresalogistica.com\/ca\/politica-de-cookies\/\" \/>\n<meta property=\"og:locale\" content=\"ca_ES\" \/>\n<meta property=\"og:type\" content=\"article\" \/>\n<meta property=\"og:title\" content=\"POL\u00cdTICA DE COOKIES &#060; Maresa Log\u00edstica\" \/>\n<meta property=\"og:description\" content=\"Segons el que es disposa en la Llei 34\/2002, de l\u201911 de juliol, de Serveis de la Societat de la Informaci\u00f3 i de Comer\u00e7 Electr\u00f2nic (LSSI-CE), MARESA LOG\u00cdSTICA informa de les cookies utilitzades en nostra p\u00e0gina web: Cookies pr\u00f2pies Cookies de tercers Cookies de sessi\u00f3 Cookies persistents Cookies t\u00e8cniques X X Cookies de personalitzaci\u00f3 Cookies ... Llegiu m\u00e9s\" \/>\n<meta property=\"og:url\" content=\"https:\/\/maresalogistica.com\/ca\/politica-de-cookies\/\" \/>\n<meta property=\"og:site_name\" content=\"Maresa Log\u00edstica\" \/>\n<meta property=\"article:modified_time\" content=\"2023-01-11T16:29:05+00:00\" \/>\n<meta name=\"twitter:card\" content=\"summary_large_image\" \/>\n<meta name=\"twitter:label1\" content=\"Temps estimat de lectura\" \/>\n\t<meta name=\"twitter:data1\" content=\"1 minut\" \/>\n<script type=\"application\/ld+json\" class=\"yoast-schema-graph\">{\"@context\":\"https:\\\/\\\/schema.org\",\"@graph\":[{\"@type\":\"WebPage\",\"@id\":\"https:\\\/\\\/maresalogistica.com\\\/ca\\\/politica-de-cookies\\\/\",\"url\":\"https:\\\/\\\/maresalogistica.com\\\/ca\\\/politica-de-cookies\\\/\",\"name\":\"POL\u00cdTICA DE COOKIES &#060; Maresa Log\u00edstica\",\"isPartOf\":{\"@id\":\"https:\\\/\\\/maresalogistica.com\\\/ca\\\/#website\"},\"datePublished\":\"2020-06-03T08:47:56+00:00\",\"dateModified\":\"2023-01-11T16:29:05+00:00\",\"breadcrumb\":{\"@id\":\"https:\\\/\\\/maresalogistica.com\\\/ca\\\/politica-de-cookies\\\/#breadcrumb\"},\"inLanguage\":\"ca\",\"potentialAction\":[{\"@type\":\"ReadAction\",\"target\":[\"https:\\\/\\\/maresalogistica.com\\\/ca\\\/politica-de-cookies\\\/\"]}]},{\"@type\":\"BreadcrumbList\",\"@id\":\"https:\\\/\\\/maresalogistica.com\\\/ca\\\/politica-de-cookies\\\/#breadcrumb\",\"itemListElement\":[{\"@type\":\"ListItem\",\"position\":1,\"name\":\"Home\",\"item\":\"https:\\\/\\\/maresalogistica.com\\\/ca\\\/\"},{\"@type\":\"ListItem\",\"position\":2,\"name\":\"POL\u00cdTICA DE COOKIES\"}]},{\"@type\":\"WebSite\",\"@id\":\"https:\\\/\\\/maresalogistica.com\\\/ca\\\/#website\",\"url\":\"https:\\\/\\\/maresalogistica.com\\\/ca\\\/\",\"name\":\"Maresa Log\u00edstica\",\"description\":\"Operador log\u00edstico y de transportes\",\"publisher\":{\"@id\":\"https:\\\/\\\/maresalogistica.com\\\/ca\\\/#organization\"},\"potentialAction\":[{\"@type\":\"SearchAction\",\"target\":{\"@type\":\"EntryPoint\",\"urlTemplate\":\"https:\\\/\\\/maresalogistica.com\\\/ca\\\/?s={search_term_string}\"},\"query-input\":{\"@type\":\"PropertyValueSpecification\",\"valueRequired\":true,\"valueName\":\"search_term_string\"}}],\"inLanguage\":\"ca\"},{\"@type\":\"Organization\",\"@id\":\"https:\\\/\\\/maresalogistica.com\\\/ca\\\/#organization\",\"name\":\"Maresa log\u00edstica > log\u00edstica y transportes a Baleares, Canarias, Ceuta y Melilla\",\"url\":\"https:\\\/\\\/maresalogistica.com\\\/ca\\\/\",\"logo\":{\"@type\":\"ImageObject\",\"inLanguage\":\"ca\",\"@id\":\"https:\\\/\\\/maresalogistica.com\\\/ca\\\/#\\\/schema\\\/logo\\\/image\\\/\",\"url\":\"https:\\\/\\\/maresalogistica.com\\\/wp-content\\\/uploads\\\/2020\\\/02\\\/logo-maresa-logistica-square-big.png\",\"contentUrl\":\"https:\\\/\\\/maresalogistica.com\\\/wp-content\\\/uploads\\\/2020\\\/02\\\/logo-maresa-logistica-square-big.png\",\"width\":420,\"height\":420,\"caption\":\"Maresa log\u00edstica > log\u00edstica y transportes a Baleares, Canarias, Ceuta y Melilla\"},\"image\":{\"@id\":\"https:\\\/\\\/maresalogistica.com\\\/ca\\\/#\\\/schema\\\/logo\\\/image\\\/\"}}]}<\/script>\n<!-- \/ Yoast SEO plugin. -->","yoast_head_json":{"title":"POL\u00cdTICA DE COOKIES &#060; Maresa Log\u00edstica","robots":{"index":"index","follow":"follow","max-snippet":"max-snippet:-1","max-image-preview":"max-image-preview:large","max-video-preview":"max-video-preview:-1"},"canonical":"https:\/\/maresalogistica.com\/ca\/politica-de-cookies\/","og_locale":"ca_ES","og_type":"article","og_title":"POL\u00cdTICA DE COOKIES &#060; Maresa Log\u00edstica","og_description":"Segons el que es disposa en la Llei 34\/2002, de l\u201911 de juliol, de Serveis de la Societat de la Informaci\u00f3 i de Comer\u00e7 Electr\u00f2nic (LSSI-CE), MARESA LOG\u00cdSTICA informa de les cookies utilitzades en nostra p\u00e0gina web: Cookies pr\u00f2pies Cookies de tercers Cookies de sessi\u00f3 Cookies persistents Cookies t\u00e8cniques X X Cookies de personalitzaci\u00f3 Cookies ... Llegiu m\u00e9s","og_url":"https:\/\/maresalogistica.com\/ca\/politica-de-cookies\/","og_site_name":"Maresa Log\u00edstica","article_modified_time":"2023-01-11T16:29:05+00:00","twitter_card":"summary_large_image","twitter_misc":{"Temps estimat de lectura":"1 minut"},"schema":{"@context":"https:\/\/schema.org","@graph":[{"@type":"WebPage","@id":"https:\/\/maresalogistica.com\/ca\/politica-de-cookies\/","url":"https:\/\/maresalogistica.com\/ca\/politica-de-cookies\/","name":"POL\u00cdTICA DE COOKIES &#060; Maresa Log\u00edstica","isPartOf":{"@id":"https:\/\/maresalogistica.com\/ca\/#website"},"datePublished":"2020-06-03T08:47:56+00:00","dateModified":"2023-01-11T16:29:05+00:00","breadcrumb":{"@id":"https:\/\/maresalogistica.com\/ca\/politica-de-cookies\/#breadcrumb"},"inLanguage":"ca","potentialAction":[{"@type":"ReadAction","target":["https:\/\/maresalogistica.com\/ca\/politica-de-cookies\/"]}]},{"@type":"BreadcrumbList","@id":"https:\/\/maresalogistica.com\/ca\/politica-de-cookies\/#breadcrumb","itemListElement":[{"@type":"ListItem","position":1,"name":"Home","item":"https:\/\/maresalogistica.com\/ca\/"},{"@type":"ListItem","position":2,"name":"POL\u00cdTICA DE COOKIES"}]},{"@type":"WebSite","@id":"https:\/\/maresalogistica.com\/ca\/#website","url":"https:\/\/maresalogistica.com\/ca\/","name":"Maresa Log\u00edstica","description":"Operador log\u00edstico y de transportes","publisher":{"@id":"https:\/\/maresalogistica.com\/ca\/#organization"},"potentialAction":[{"@type":"SearchAction","target":{"@type":"EntryPoint","urlTemplate":"https:\/\/maresalogistica.com\/ca\/?s={search_term_string}"},"query-input":{"@type":"PropertyValueSpecification","valueRequired":true,"valueName":"search_term_string"}}],"inLanguage":"ca"},{"@type":"Organization","@id":"https:\/\/maresalogistica.com\/ca\/#organization","name":"Maresa log\u00edstica > log\u00edstica y transportes a Baleares, Canarias, Ceuta y Melilla","url":"https:\/\/maresalogistica.com\/ca\/","logo":{"@type":"ImageObject","inLanguage":"ca","@id":"https:\/\/maresalogistica.com\/ca\/#\/schema\/logo\/image\/","url":"https:\/\/maresalogistica.com\/wp-content\/uploads\/2020\/02\/logo-maresa-logistica-square-big.png","contentUrl":"https:\/\/maresalogistica.com\/wp-content\/uploads\/2020\/02\/logo-maresa-logistica-square-big.png","width":420,"height":420,"caption":"Maresa log\u00edstica > log\u00edstica y transportes a Baleares, Canarias, Ceuta y Melilla"},"image":{"@id":"https:\/\/maresalogistica.com\/ca\/#\/schema\/logo\/image\/"}}]}},"_links":{"self":[{"href":"https:\/\/maresalogistica.com\/ca\/wp-json\/wp\/v2\/pages\/2041","targetHints":{"allow":["GET"]}}],"collection":[{"href":"https:\/\/maresalogistica.com\/ca\/wp-json\/wp\/v2\/pages"}],"about":[{"href":"https:\/\/maresalogistica.com\/ca\/wp-json\/wp\/v2\/types\/page"}],"author":[{"embeddable":true,"href":"https:\/\/maresalogistica.com\/ca\/wp-json\/wp\/v2\/users\/3"}],"replies":[{"embeddable":true,"href":"https:\/\/maresalogistica.com\/ca\/wp-json\/wp\/v2\/comments?post=2041"}],"version-history":[{"count":4,"href":"https:\/\/maresalogistica.com\/ca\/wp-json\/wp\/v2\/pages\/2041\/revisions"}],"predecessor-version":[{"id":5784,"href":"https:\/\/maresalogistica.com\/ca\/wp-json\/wp\/v2\/pages\/2041\/revisions\/5784"}],"wp:attachment":[{"href":"https:\/\/maresalogistica.com\/ca\/wp-json\/wp\/v2\/media?parent=2041"}],"curies":[{"name":"wp","href":"https:\/\/api.w.org\/{rel}","templated":true}]}}