{"id":2039,"date":"2020-06-03T07:30:41","date_gmt":"2020-06-03T07:30:41","guid":{"rendered":"https:\/\/maresalogistica.com\/avis-legal\/"},"modified":"2023-01-11T18:28:57","modified_gmt":"2023-01-11T16:28:57","slug":"avis-legal","status":"publish","type":"page","link":"https:\/\/maresalogistica.com\/ca\/avis-legal\/","title":{"rendered":"AV\u00cdS LEGAL"},"content":{"rendered":"\t\t<div data-elementor-type=\"wp-page\" data-elementor-id=\"2039\" class=\"elementor elementor-2039\" data-elementor-post-type=\"page\">\n\t\t\t\t\t\t<section class=\"elementor-section elementor-top-section elementor-element elementor-element-0541fc3 elementor-section-content-middle elementor-section-boxed elementor-section-height-default elementor-section-height-default\" data-id=\"0541fc3\" data-element_type=\"section\" data-e-type=\"section\">\n\t\t\t\t\t\t<div class=\"elementor-container elementor-column-gap-no\">\n\t\t\t\t\t<div class=\"elementor-column elementor-col-100 elementor-top-column elementor-element elementor-element-e66a3ad\" data-id=\"e66a3ad\" data-element_type=\"column\" data-e-type=\"column\">\n\t\t\t<div class=\"elementor-widget-wrap elementor-element-populated\">\n\t\t\t\t\t\t<div class=\"elementor-element elementor-element-0b2a0dd elementor-widget-divider--view-line elementor-widget elementor-widget-divider\" data-id=\"0b2a0dd\" data-element_type=\"widget\" data-e-type=\"widget\" data-settings=\"{&quot;ekit_we_effect_on&quot;:&quot;none&quot;}\" data-widget_type=\"divider.default\">\n\t\t\t\t<div class=\"elementor-widget-container\">\n\t\t\t\t\t\t\t<div class=\"elementor-divider\">\n\t\t\t<span class=\"elementor-divider-separator\">\n\t\t\t\t\t\t<\/span>\n\t\t<\/div>\n\t\t\t\t\t\t<\/div>\n\t\t\t\t<\/div>\n\t\t\t\t<div class=\"elementor-element elementor-element-0049b5d elementor-widget elementor-widget-heading\" data-id=\"0049b5d\" data-element_type=\"widget\" data-e-type=\"widget\" data-settings=\"{&quot;ekit_we_effect_on&quot;:&quot;none&quot;}\" data-widget_type=\"heading.default\">\n\t\t\t\t<div class=\"elementor-widget-container\">\n\t\t\t\t\t<h1 class=\"elementor-heading-title elementor-size-default\">AV\u00cdS LEGAL<\/h1>\t\t\t\t<\/div>\n\t\t\t\t<\/div>\n\t\t\t\t<div class=\"elementor-element elementor-element-8792ab1 elementor-widget-divider--view-line elementor-widget elementor-widget-divider\" data-id=\"8792ab1\" data-element_type=\"widget\" data-e-type=\"widget\" data-settings=\"{&quot;ekit_we_effect_on&quot;:&quot;none&quot;}\" data-widget_type=\"divider.default\">\n\t\t\t\t<div class=\"elementor-widget-container\">\n\t\t\t\t\t\t\t<div class=\"elementor-divider\">\n\t\t\t<span class=\"elementor-divider-separator\">\n\t\t\t\t\t\t<\/span>\n\t\t<\/div>\n\t\t\t\t\t\t<\/div>\n\t\t\t\t<\/div>\n\t\t\t\t\t<\/div>\n\t\t<\/div>\n\t\t\t\t\t<\/div>\n\t\t<\/section>\n\t\t\t\t<section class=\"elementor-section elementor-top-section elementor-element elementor-element-751029a elementor-section-boxed elementor-section-height-default elementor-section-height-default\" data-id=\"751029a\" data-element_type=\"section\" data-e-type=\"section\">\n\t\t\t\t\t\t<div class=\"elementor-container elementor-column-gap-default\">\n\t\t\t\t\t<div class=\"elementor-column elementor-col-100 elementor-top-column elementor-element elementor-element-befb176\" data-id=\"befb176\" data-element_type=\"column\" data-e-type=\"column\">\n\t\t\t<div class=\"elementor-widget-wrap elementor-element-populated\">\n\t\t\t\t\t\t<div class=\"elementor-element elementor-element-df7aaa2 elementor-widget elementor-widget-text-editor\" data-id=\"df7aaa2\" data-element_type=\"widget\" data-e-type=\"widget\" data-settings=\"{&quot;ekit_we_effect_on&quot;:&quot;none&quot;}\" data-widget_type=\"text-editor.default\">\n\t\t\t\t<div class=\"elementor-widget-container\">\n\t\t\t\t\t\t\t\t\t<h3>CONDICIONS D&#8217;\u00daS<\/h3>\n<p>En compliment de la Llei 34\/2002, de l\u201911 de juliol, de Serveis de la Societat de la Informaci\u00f3 i de Comer\u00e7 Electr\u00f2nic (LSSI-CE), Maresa Log\u00edstica informa que \u00e9s titular del lloc web.<\/p>\n<p>D&#8217;acord amb l&#8217;exig\u00e8ncia de l&#8217;article 10 de la citada Llei, Maresa Log\u00edstica informa de les seg\u00fcents dades. El titular d&#8217;aquest lloc web \u00e9s:<\/p>\n<ul>\n<li>Mart\u00edn e Hijos, S.L.<\/li>\n<li>CIF: B35023068<\/li>\n<li>C\/ Francisco Alonso, 4, 28806 \u2013 Alcal\u00e1 de Henares (Madrid)<\/li>\n<li>902 555 350<\/li>\n<li>online@maresalogistica.com<\/li>\n<\/ul>\n<h3>USUARI I R\u00c8GIM DE RESPONSABILITATS<\/h3>\n<p>La navegaci\u00f3, acc\u00e9s i \u00fas del lloc web de Maresa Log\u00edstica confereix la condici\u00f3 d&#8217;usuari per la qual s&#8217;accepten, des de la navegaci\u00f3 pel lloc web de Maresa Log\u00edstica, totes les condicions d&#8217;\u00fas aqu\u00ed establertes sense perjudici de l&#8217;aplicaci\u00f3 de la corresponent normativa d&#8217;obligat compliment legal segons el cas.<\/p>\n<p>El lloc web de Maresa Log\u00edstica proporciona gran diversitat d&#8217;informaci\u00f3, serveis i dades. L&#8217;usuari assumeix la seva responsabilitat en l&#8217;\u00fas correcte del lloc web. Aquesta responsabilitat s&#8217;estendr\u00e0 a:<\/p>\n<ul>\n<li>La veracitat i la licitud de les informacions aportades per l&#8217;usuari en els formularis estesos per Maresa Log\u00edstica per a l&#8217;acc\u00e9s a certs continguts o serveis oferts pel web.<\/li>\n<li>L&#8217;\u00fas de la informaci\u00f3, serveis i dades ofertes per Maresa Log\u00edstica contr\u00e0riament al que es disposa per les presents condicions, la Llei, la moral, els bons costums o l&#8217;ordre p\u00fablic, o que de qualsevol altra manera puguin suposar la lesi\u00f3 dels drets de tercers o del mateix funcionament del lloc web.<\/li>\n<\/ul>\n<h3>POL\u00cdTICA D&#8217;ENLLA\u00c7OS I EXEMPCI\u00d3 DE RESPONSABILITAT<\/h3>\n<p>Maresa Log\u00edstica no es fa responsable del contingut dels llocs web als quals l&#8217;usuari pugui accedir a trav\u00e9s dels enlla\u00e7os establerts en el seu lloc web i declara que en cap cas procedir\u00e0 a examinar o exercitar cap tipus de control sobre el contingut d&#8217;altres llocs de la xarxa. Aix\u00ed mateix, tampoc garantir\u00e0 la disponibilitat t\u00e8cnica, exactitud, veracitat, validesa o legalitat de llocs aliens a la seva propietat als quals es pugui accedir per mitj\u00e0 dels enlla\u00e7os.<\/p>\n<p>Maresa Log\u00edstica declara haver adoptat totes les mesures necess\u00e0ries per evitar qualsevol dany als usuaris del seu lloc web, que poguessin derivar-se de la navegaci\u00f3 pel seu lloc web. En conseq\u00fc\u00e8ncia, Maresa Log\u00edstica no es fa responsable, en cap cas, dels eventuals danys que per la navegaci\u00f3 per Internet pogu\u00e9s sofrir l&#8217;usuari.<\/p>\n<h3>MODIFICACIONS<\/h3>\n<p>Maresa Log\u00edstica es reserva el dret a realitzar les modificacions que consideri oportunes, sense av\u00eds previ, en el contingut del seu lloc web. Tant en all\u00f2 referent als continguts del lloc web com en les condicions d&#8217;\u00fas del mateix. Aquestes modificacions podran realitzar-se a trav\u00e9s del seu lloc web per qualsevol forma admissible en dret i seran d&#8217;obligat compliment durant el temps en qu\u00e8 es trobin publicades a la web i fins que no siguin modificades v\u00e0lidament per altres posteriors.<\/p>\n<h3>PROPIETAT INTEL\u00b7LECTUAL I INDUSTRIAL<\/h3>\n<p>Maresa Log\u00edstica, per si mateixa o com a cession\u00e0ria, \u00e9s titular de tots els drets de propietat intel\u00b7lectual i industrial de la seva p\u00e0gina web, aix\u00ed com dels elements continguts en la mateixa (a t\u00edtol enunciatiu, imatges, so, \u00e0udio, v\u00eddeo, programari o textos; marques o logotips, combinacions de colors, estructura i disseny, selecci\u00f3 de materials usats, programes d&#8217;ordinador necessaris per al seu funcionament, acc\u00e9s i \u00fas, etc.), tots titularitat de Maresa Log\u00edstica. Seran, per tant, obres protegides com a propietat intel\u00b7lectual per l&#8217;ordenament jur\u00eddic espanyol i se\u2019ls aplica tant la normativa espanyola i comunit\u00e0ria en aquest camp, com els tractats internacionals relatius a la mat\u00e8ria i subscrits per Espanya.<\/p>\n<p>Tots els drets reservats. En virtut del que es disposa en els articles 8 i 32.1, par\u00e0graf segon, de la Llei de Propietat Intel\u00b7lectual, queden expressament prohibides la reproducci\u00f3, la distribuci\u00f3 i la comunicaci\u00f3 p\u00fablica, inclosa la seva modalitat de posada a disposici\u00f3, de la totalitat o part dels continguts d&#8217;aquesta p\u00e0gina web, amb finalitats comercials, en qualsevol suport i per qualsevol mitj\u00e0 t\u00e8cnic, sense l&#8217;autoritzaci\u00f3 de Maresa Log\u00edstica.<\/p>\n<p>L&#8217;usuari es compromet a respectar els drets de Propietat Intel\u00b7lectual i Industrial titularitat de Maresa Log\u00edstica. Podr\u00e0 visualitzar els elements del portal i fins i tot imprimir-los, copiar-los i emmagatzemar-los en el disc dur del seu ordinador o en qualsevol altre suport f\u00edsic sempre que sigui, \u00fanicament i exclusivament, per al seu \u00fas personal i privat. L&#8217;usuari haur\u00e0 d&#8217;abstenir-se de suprimir, alterar, eludir o manipular qualsevol dispositiu de protecci\u00f3 o sistema de seguretat que estigu\u00e9s instal\u00b7lat a les p\u00e0gines de Maresa Log\u00edstica.<\/p>\n<h3>ACCIONS LEGALS, LEGISLACI\u00d3 I JURISDICCI\u00d3<\/h3>\n<p>Maresa Log\u00edstica, es reserva, aix\u00ed mateix, la facultat de presentar les accions civils o penals que consideri oportunes per la utilitzaci\u00f3 indeguda del seu lloc web i continguts, o per l&#8217;incompliment de les presents condicions.<\/p>\n<p>La relaci\u00f3 entre l&#8217;usuari i el prestador es regir\u00e0 per la normativa vigent i d&#8217;aplicaci\u00f3 al territori espanyol. Si sorg\u00eds qualsevol controv\u00e8rsia, les parts podran sotmetre els seus conflictes a arbitratge o acudir a la jurisdicci\u00f3 ordin\u00e0ria complint amb les normes sobre jurisdicci\u00f3 i compet\u00e8ncia sobre aquest tema. Maresa Log\u00edstica t\u00e9 el seu domicili social a Las Palmas de Gran Canaria, Espanya<\/p>\n<h3>RECURSOS GR\u00c0FICS<\/h3>\n<p>Diverses de les imatges i icones d&#8217;aquest lloc web han estat obtingudes de:<\/p>\n<p>http:\/\/profesionalnet.wordpress.com\/2008\/03\/04\/12-botones-web-20-gratis-para-tu-web\/<br \/>\nhttp:\/\/www.1stwebdesigner.com\/freebies\/e-commerce-icons\/<br \/>\nhttp:\/\/www.1stwebdesigner.com\/css\/57-free-image-gallery-slideshow-and-lightbox-solutions\/<br \/>\nhttp:\/\/www.freeimages.co.uk\/<br \/>\nhttp:\/\/www.imageafter.com\/<br \/>\nhttp:\/\/www.conciencia-animal.cl\/paginas\/stockdefotos.htm<br \/>\nhttp:\/\/www.interdidactica.com\/webmasters.php?ref=divisa&amp;ador=text<br \/>\nhttp:\/\/www.htmlhelp.com\/es\/reference\/css\/text\/#text-indent<br \/>\nhttp:\/\/www.sxc.hu\/category\/1580<br \/>\nhttp:\/\/dryicons.com\/free-icons\/preview\/coquette-icons-set\/<br \/>\nhttp:\/\/www.vistaicons.com\/<br \/>\nhttp:\/\/www.veryicon.com\/icons\/business\/<br \/>\nhttp:\/\/office.microsoft.com\/es-es\/images\/<br \/>\nhtttp:\/\/www.iconarchive.com<br \/>\nhttp:\/\/www.all-free-download.com\/<br \/>\nhttp:\/\/www.flaticon.com\/art\u00edn e<\/p>\n\t\t\t\t\t\t\t\t<\/div>\n\t\t\t\t<\/div>\n\t\t\t\t\t<\/div>\n\t\t<\/div>\n\t\t\t\t\t<\/div>\n\t\t<\/section>\n\t\t\t\t<\/div>\n\t\t","protected":false},"excerpt":{"rendered":"<p>CONDICIONS D&#8217;\u00daS En compliment de la Llei 34\/2002, de l\u201911 de juliol, de Serveis de la Societat de la Informaci\u00f3 i de Comer\u00e7 Electr\u00f2nic (LSSI-CE), Maresa Log\u00edstica informa que \u00e9s titular del lloc web. D&#8217;acord amb l&#8217;exig\u00e8ncia de l&#8217;article 10 de la citada Llei, Maresa Log\u00edstica informa de les seg\u00fcents dades. El titular d&#8217;aquest lloc &#8230; <a title=\"AV\u00cdS LEGAL\" class=\"read-more\" href=\"https:\/\/maresalogistica.com\/ca\/avis-legal\/\" aria-label=\"M\u00e9s informaci\u00f3 sobre AV\u00cdS LEGAL\">Llegiu m\u00e9s<\/a><\/p>\n","protected":false},"author":3,"featured_media":0,"parent":0,"menu_order":4,"comment_status":"closed","ping_status":"closed","template":"","meta":{"_monsterinsights_skip_tracking":false,"_monsterinsights_sitenote_active":false,"_monsterinsights_sitenote_note":"","_monsterinsights_sitenote_category":0,"footnotes":"","_links_to":"","_links_to_target":""},"class_list":["post-2039","page","type-page","status-publish"],"yoast_head":"<!-- This site is optimized with the Yoast SEO plugin v27.3 - https:\/\/yoast.com\/product\/yoast-seo-wordpress\/ -->\n<title>AV\u00cdS LEGAL &#060; Maresa Log\u00edstica<\/title>\n<meta name=\"robots\" content=\"index, follow, max-snippet:-1, max-image-preview:large, max-video-preview:-1\" \/>\n<link rel=\"canonical\" href=\"https:\/\/maresalogistica.com\/ca\/avis-legal\/\" \/>\n<meta property=\"og:locale\" content=\"ca_ES\" \/>\n<meta property=\"og:type\" content=\"article\" \/>\n<meta property=\"og:title\" content=\"AV\u00cdS LEGAL &#060; Maresa Log\u00edstica\" \/>\n<meta property=\"og:description\" content=\"CONDICIONS D&#8217;\u00daS En compliment de la Llei 34\/2002, de l\u201911 de juliol, de Serveis de la Societat de la Informaci\u00f3 i de Comer\u00e7 Electr\u00f2nic (LSSI-CE), Maresa Log\u00edstica informa que \u00e9s titular del lloc web. D&#8217;acord amb l&#8217;exig\u00e8ncia de l&#8217;article 10 de la citada Llei, Maresa Log\u00edstica informa de les seg\u00fcents dades. El titular d&#8217;aquest lloc ... Llegiu m\u00e9s\" \/>\n<meta property=\"og:url\" content=\"https:\/\/maresalogistica.com\/ca\/avis-legal\/\" \/>\n<meta property=\"og:site_name\" content=\"Maresa Log\u00edstica\" \/>\n<meta property=\"article:modified_time\" content=\"2023-01-11T16:28:57+00:00\" \/>\n<meta name=\"twitter:card\" content=\"summary_large_image\" \/>\n<meta name=\"twitter:label1\" content=\"Temps estimat de lectura\" \/>\n\t<meta name=\"twitter:data1\" content=\"4 minuts\" \/>\n<script type=\"application\/ld+json\" class=\"yoast-schema-graph\">{\"@context\":\"https:\\\/\\\/schema.org\",\"@graph\":[{\"@type\":\"WebPage\",\"@id\":\"https:\\\/\\\/maresalogistica.com\\\/ca\\\/avis-legal\\\/\",\"url\":\"https:\\\/\\\/maresalogistica.com\\\/ca\\\/avis-legal\\\/\",\"name\":\"AV\u00cdS LEGAL &#060; Maresa Log\u00edstica\",\"isPartOf\":{\"@id\":\"https:\\\/\\\/maresalogistica.com\\\/ca\\\/#website\"},\"datePublished\":\"2020-06-03T07:30:41+00:00\",\"dateModified\":\"2023-01-11T16:28:57+00:00\",\"breadcrumb\":{\"@id\":\"https:\\\/\\\/maresalogistica.com\\\/ca\\\/avis-legal\\\/#breadcrumb\"},\"inLanguage\":\"ca\",\"potentialAction\":[{\"@type\":\"ReadAction\",\"target\":[\"https:\\\/\\\/maresalogistica.com\\\/ca\\\/avis-legal\\\/\"]}]},{\"@type\":\"BreadcrumbList\",\"@id\":\"https:\\\/\\\/maresalogistica.com\\\/ca\\\/avis-legal\\\/#breadcrumb\",\"itemListElement\":[{\"@type\":\"ListItem\",\"position\":1,\"name\":\"Home\",\"item\":\"https:\\\/\\\/maresalogistica.com\\\/ca\\\/\"},{\"@type\":\"ListItem\",\"position\":2,\"name\":\"AV\u00cdS LEGAL\"}]},{\"@type\":\"WebSite\",\"@id\":\"https:\\\/\\\/maresalogistica.com\\\/ca\\\/#website\",\"url\":\"https:\\\/\\\/maresalogistica.com\\\/ca\\\/\",\"name\":\"Maresa Log\u00edstica\",\"description\":\"Operador log\u00edstico y de transportes\",\"publisher\":{\"@id\":\"https:\\\/\\\/maresalogistica.com\\\/ca\\\/#organization\"},\"potentialAction\":[{\"@type\":\"SearchAction\",\"target\":{\"@type\":\"EntryPoint\",\"urlTemplate\":\"https:\\\/\\\/maresalogistica.com\\\/ca\\\/?s={search_term_string}\"},\"query-input\":{\"@type\":\"PropertyValueSpecification\",\"valueRequired\":true,\"valueName\":\"search_term_string\"}}],\"inLanguage\":\"ca\"},{\"@type\":\"Organization\",\"@id\":\"https:\\\/\\\/maresalogistica.com\\\/ca\\\/#organization\",\"name\":\"Maresa log\u00edstica > log\u00edstica y transportes a Baleares, Canarias, Ceuta y Melilla\",\"url\":\"https:\\\/\\\/maresalogistica.com\\\/ca\\\/\",\"logo\":{\"@type\":\"ImageObject\",\"inLanguage\":\"ca\",\"@id\":\"https:\\\/\\\/maresalogistica.com\\\/ca\\\/#\\\/schema\\\/logo\\\/image\\\/\",\"url\":\"https:\\\/\\\/maresalogistica.com\\\/wp-content\\\/uploads\\\/2020\\\/02\\\/logo-maresa-logistica-square-big.png\",\"contentUrl\":\"https:\\\/\\\/maresalogistica.com\\\/wp-content\\\/uploads\\\/2020\\\/02\\\/logo-maresa-logistica-square-big.png\",\"width\":420,\"height\":420,\"caption\":\"Maresa log\u00edstica > log\u00edstica y transportes a Baleares, Canarias, Ceuta y Melilla\"},\"image\":{\"@id\":\"https:\\\/\\\/maresalogistica.com\\\/ca\\\/#\\\/schema\\\/logo\\\/image\\\/\"}}]}<\/script>\n<!-- \/ Yoast SEO plugin. -->","yoast_head_json":{"title":"AV\u00cdS LEGAL &#060; Maresa Log\u00edstica","robots":{"index":"index","follow":"follow","max-snippet":"max-snippet:-1","max-image-preview":"max-image-preview:large","max-video-preview":"max-video-preview:-1"},"canonical":"https:\/\/maresalogistica.com\/ca\/avis-legal\/","og_locale":"ca_ES","og_type":"article","og_title":"AV\u00cdS LEGAL &#060; Maresa Log\u00edstica","og_description":"CONDICIONS D&#8217;\u00daS En compliment de la Llei 34\/2002, de l\u201911 de juliol, de Serveis de la Societat de la Informaci\u00f3 i de Comer\u00e7 Electr\u00f2nic (LSSI-CE), Maresa Log\u00edstica informa que \u00e9s titular del lloc web. D&#8217;acord amb l&#8217;exig\u00e8ncia de l&#8217;article 10 de la citada Llei, Maresa Log\u00edstica informa de les seg\u00fcents dades. El titular d&#8217;aquest lloc ... Llegiu m\u00e9s","og_url":"https:\/\/maresalogistica.com\/ca\/avis-legal\/","og_site_name":"Maresa Log\u00edstica","article_modified_time":"2023-01-11T16:28:57+00:00","twitter_card":"summary_large_image","twitter_misc":{"Temps estimat de lectura":"4 minuts"},"schema":{"@context":"https:\/\/schema.org","@graph":[{"@type":"WebPage","@id":"https:\/\/maresalogistica.com\/ca\/avis-legal\/","url":"https:\/\/maresalogistica.com\/ca\/avis-legal\/","name":"AV\u00cdS LEGAL &#060; Maresa Log\u00edstica","isPartOf":{"@id":"https:\/\/maresalogistica.com\/ca\/#website"},"datePublished":"2020-06-03T07:30:41+00:00","dateModified":"2023-01-11T16:28:57+00:00","breadcrumb":{"@id":"https:\/\/maresalogistica.com\/ca\/avis-legal\/#breadcrumb"},"inLanguage":"ca","potentialAction":[{"@type":"ReadAction","target":["https:\/\/maresalogistica.com\/ca\/avis-legal\/"]}]},{"@type":"BreadcrumbList","@id":"https:\/\/maresalogistica.com\/ca\/avis-legal\/#breadcrumb","itemListElement":[{"@type":"ListItem","position":1,"name":"Home","item":"https:\/\/maresalogistica.com\/ca\/"},{"@type":"ListItem","position":2,"name":"AV\u00cdS LEGAL"}]},{"@type":"WebSite","@id":"https:\/\/maresalogistica.com\/ca\/#website","url":"https:\/\/maresalogistica.com\/ca\/","name":"Maresa Log\u00edstica","description":"Operador log\u00edstico y de transportes","publisher":{"@id":"https:\/\/maresalogistica.com\/ca\/#organization"},"potentialAction":[{"@type":"SearchAction","target":{"@type":"EntryPoint","urlTemplate":"https:\/\/maresalogistica.com\/ca\/?s={search_term_string}"},"query-input":{"@type":"PropertyValueSpecification","valueRequired":true,"valueName":"search_term_string"}}],"inLanguage":"ca"},{"@type":"Organization","@id":"https:\/\/maresalogistica.com\/ca\/#organization","name":"Maresa log\u00edstica > log\u00edstica y transportes a Baleares, Canarias, Ceuta y Melilla","url":"https:\/\/maresalogistica.com\/ca\/","logo":{"@type":"ImageObject","inLanguage":"ca","@id":"https:\/\/maresalogistica.com\/ca\/#\/schema\/logo\/image\/","url":"https:\/\/maresalogistica.com\/wp-content\/uploads\/2020\/02\/logo-maresa-logistica-square-big.png","contentUrl":"https:\/\/maresalogistica.com\/wp-content\/uploads\/2020\/02\/logo-maresa-logistica-square-big.png","width":420,"height":420,"caption":"Maresa log\u00edstica > log\u00edstica y transportes a Baleares, Canarias, Ceuta y Melilla"},"image":{"@id":"https:\/\/maresalogistica.com\/ca\/#\/schema\/logo\/image\/"}}]}},"_links":{"self":[{"href":"https:\/\/maresalogistica.com\/ca\/wp-json\/wp\/v2\/pages\/2039","targetHints":{"allow":["GET"]}}],"collection":[{"href":"https:\/\/maresalogistica.com\/ca\/wp-json\/wp\/v2\/pages"}],"about":[{"href":"https:\/\/maresalogistica.com\/ca\/wp-json\/wp\/v2\/types\/page"}],"author":[{"embeddable":true,"href":"https:\/\/maresalogistica.com\/ca\/wp-json\/wp\/v2\/users\/3"}],"replies":[{"embeddable":true,"href":"https:\/\/maresalogistica.com\/ca\/wp-json\/wp\/v2\/comments?post=2039"}],"version-history":[{"count":8,"href":"https:\/\/maresalogistica.com\/ca\/wp-json\/wp\/v2\/pages\/2039\/revisions"}],"predecessor-version":[{"id":5783,"href":"https:\/\/maresalogistica.com\/ca\/wp-json\/wp\/v2\/pages\/2039\/revisions\/5783"}],"wp:attachment":[{"href":"https:\/\/maresalogistica.com\/ca\/wp-json\/wp\/v2\/media?parent=2039"}],"curies":[{"name":"wp","href":"https:\/\/api.w.org\/{rel}","templated":true}]}}