{"id":2029,"date":"2020-06-02T23:01:04","date_gmt":"2020-06-02T23:01:04","guid":{"rendered":"https:\/\/maresalogistica.com\/documents-descarregables\/"},"modified":"2021-02-11T15:09:42","modified_gmt":"2021-02-11T15:09:42","slug":"documents-descarregables","status":"publish","type":"page","link":"https:\/\/maresalogistica.com\/ca\/documents-descarregables\/","title":{"rendered":"DOCUMENTS DESCARREGABLES"},"content":{"rendered":"\t\t<div data-elementor-type=\"wp-page\" data-elementor-id=\"2029\" class=\"elementor elementor-2029\" data-elementor-post-type=\"page\">\n\t\t\t\t\t\t<section class=\"elementor-section elementor-top-section elementor-element elementor-element-d86e322 elementor-section-content-middle elementor-section-boxed elementor-section-height-default elementor-section-height-default\" data-id=\"d86e322\" data-element_type=\"section\" data-e-type=\"section\">\n\t\t\t\t\t\t<div class=\"elementor-container elementor-column-gap-no\">\n\t\t\t\t\t<div class=\"elementor-column elementor-col-100 elementor-top-column elementor-element elementor-element-c9fd1cf\" data-id=\"c9fd1cf\" data-element_type=\"column\" data-e-type=\"column\">\n\t\t\t<div class=\"elementor-widget-wrap elementor-element-populated\">\n\t\t\t\t\t\t<div class=\"elementor-element elementor-element-f3db01c elementor-widget-divider--view-line elementor-widget elementor-widget-divider\" data-id=\"f3db01c\" data-element_type=\"widget\" data-e-type=\"widget\" data-settings=\"{&quot;ekit_we_effect_on&quot;:&quot;none&quot;}\" data-widget_type=\"divider.default\">\n\t\t\t\t<div class=\"elementor-widget-container\">\n\t\t\t\t\t\t\t<div class=\"elementor-divider\">\n\t\t\t<span class=\"elementor-divider-separator\">\n\t\t\t\t\t\t<\/span>\n\t\t<\/div>\n\t\t\t\t\t\t<\/div>\n\t\t\t\t<\/div>\n\t\t\t\t<div class=\"elementor-element elementor-element-b4198b1 elementor-widget elementor-widget-heading\" data-id=\"b4198b1\" data-element_type=\"widget\" data-e-type=\"widget\" data-settings=\"{&quot;ekit_we_effect_on&quot;:&quot;none&quot;}\" data-widget_type=\"heading.default\">\n\t\t\t\t<div class=\"elementor-widget-container\">\n\t\t\t\t\t<h1 class=\"elementor-heading-title elementor-size-default\">DOCUMENTS DESCARREGABLES<\/h1>\t\t\t\t<\/div>\n\t\t\t\t<\/div>\n\t\t\t\t<div class=\"elementor-element elementor-element-9e46f1b elementor-widget-divider--view-line elementor-widget elementor-widget-divider\" data-id=\"9e46f1b\" data-element_type=\"widget\" data-e-type=\"widget\" data-settings=\"{&quot;ekit_we_effect_on&quot;:&quot;none&quot;}\" data-widget_type=\"divider.default\">\n\t\t\t\t<div class=\"elementor-widget-container\">\n\t\t\t\t\t\t\t<div class=\"elementor-divider\">\n\t\t\t<span class=\"elementor-divider-separator\">\n\t\t\t\t\t\t<\/span>\n\t\t<\/div>\n\t\t\t\t\t\t<\/div>\n\t\t\t\t<\/div>\n\t\t\t\t<div class=\"elementor-element elementor-element-198fdf2 elementor-widget elementor-widget-heading\" data-id=\"198fdf2\" data-element_type=\"widget\" data-e-type=\"widget\" data-settings=\"{&quot;ekit_we_effect_on&quot;:&quot;none&quot;}\" data-widget_type=\"heading.default\">\n\t\t\t\t<div class=\"elementor-widget-container\">\n\t\t\t\t\t<div class=\"elementor-heading-title elementor-size-large\">Documents per descarregar d'\u00fas m\u00e9s freq\u00fcent en l'enviament de mercaderia.<\/div>\t\t\t\t<\/div>\n\t\t\t\t<\/div>\n\t\t\t\t\t<\/div>\n\t\t<\/div>\n\t\t\t\t\t<\/div>\n\t\t<\/section>\n\t\t\t\t<section class=\"elementor-section elementor-top-section elementor-element elementor-element-06efe0d elementor-section-boxed elementor-section-height-default elementor-section-height-default elementor-invisible\" data-id=\"06efe0d\" data-element_type=\"section\" data-e-type=\"section\" data-settings=\"{&quot;animation&quot;:&quot;fadeInUp&quot;}\">\n\t\t\t\t\t\t<div class=\"elementor-container elementor-column-gap-default\">\n\t\t\t\t\t<div class=\"elementor-column elementor-col-50 elementor-top-column elementor-element elementor-element-2e35723\" data-id=\"2e35723\" data-element_type=\"column\" data-e-type=\"column\">\n\t\t\t<div class=\"elementor-widget-wrap elementor-element-populated\">\n\t\t\t\t\t\t<div class=\"elementor-element elementor-element-a93c5d7 elementor-position-inline-start elementor-view-default elementor-mobile-position-block-start elementor-widget elementor-widget-icon-box\" data-id=\"a93c5d7\" data-element_type=\"widget\" data-e-type=\"widget\" data-settings=\"{&quot;ekit_we_effect_on&quot;:&quot;none&quot;}\" data-widget_type=\"icon-box.default\">\n\t\t\t\t<div class=\"elementor-widget-container\">\n\t\t\t\t\t\t\t<div class=\"elementor-icon-box-wrapper\">\n\n\t\t\t\t\t\t<div class=\"elementor-icon-box-icon\">\n\t\t\t\t<a href=\"https:\/\/maresalogistica.com\/wp-content\/uploads\/2019\/12\/maresa-logistica-expedidor_conocido.doc\" class=\"elementor-icon\" tabindex=\"-1\" aria-label=\"Expedidor conegut\">\n\t\t\t\t<i aria-hidden=\"true\" class=\"fas fa-file-word\"><\/i>\t\t\t\t<\/a>\n\t\t\t<\/div>\n\t\t\t\n\t\t\t\t\t\t<div class=\"elementor-icon-box-content\">\n\n\t\t\t\t\t\t\t\t\t<h3 class=\"elementor-icon-box-title\">\n\t\t\t\t\t\t<a href=\"https:\/\/maresalogistica.com\/wp-content\/uploads\/2019\/12\/maresa-logistica-expedidor_conocido.doc\" >\n\t\t\t\t\t\t\tExpedidor conegut\t\t\t\t\t\t<\/a>\n\t\t\t\t\t<\/h3>\n\t\t\t\t\n\t\t\t\t\t\t\t\t\t<p class=\"elementor-icon-box-description\">\n\t\t\t\t\t\tD'acord amb el PNS (Pla Nacional de Seguretat), per poder expedir mercaderies per via a\u00e8ria i registrar-se com a expedidor segur s'ha d'emplenar aquesta declaraci\u00f3.  Nom\u00e9s \u00e9s necessari emplenar-la la primera vegada que es realitzi un transport aeri amb nosaltres.\t\t\t\t\t<\/p>\n\t\t\t\t\n\t\t\t<\/div>\n\t\t\t\n\t\t<\/div>\n\t\t\t\t\t\t<\/div>\n\t\t\t\t<\/div>\n\t\t\t\t<div class=\"elementor-element elementor-element-e6b30bb elementor-position-inline-start elementor-view-default elementor-mobile-position-block-start elementor-widget elementor-widget-icon-box\" data-id=\"e6b30bb\" data-element_type=\"widget\" data-e-type=\"widget\" data-settings=\"{&quot;ekit_we_effect_on&quot;:&quot;none&quot;}\" data-widget_type=\"icon-box.default\">\n\t\t\t\t<div class=\"elementor-widget-container\">\n\t\t\t\t\t\t\t<div class=\"elementor-icon-box-wrapper\">\n\n\t\t\t\t\t\t<div class=\"elementor-icon-box-icon\">\n\t\t\t\t<a href=\"https:\/\/maresalogistica.com\/wp-content\/uploads\/2019\/12\/maresa-logistica-declaracion_jurada.doc\" target=\"_blank\" class=\"elementor-icon\" tabindex=\"-1\" aria-label=\"Declaraci\u00f3 jurada\">\n\t\t\t\t<i aria-hidden=\"true\" class=\"fas fa-file-word\"><\/i>\t\t\t\t<\/a>\n\t\t\t<\/div>\n\t\t\t\n\t\t\t\t\t\t<div class=\"elementor-icon-box-content\">\n\n\t\t\t\t\t\t\t\t\t<h3 class=\"elementor-icon-box-title\">\n\t\t\t\t\t\t<a href=\"https:\/\/maresalogistica.com\/wp-content\/uploads\/2019\/12\/maresa-logistica-declaracion_jurada.doc\" target=\"_blank\" >\n\t\t\t\t\t\t\tDeclaraci\u00f3 jurada\t\t\t\t\t\t<\/a>\n\t\t\t\t\t<\/h3>\n\t\t\t\t\n\t\t\t\t\t\t\t\t\t<p class=\"elementor-icon-box-description\">\n\t\t\t\t\t\tPer a enviaments de mercaderies sense valor comercial, pot fer una factura o omplir aquesta declaraci\u00f3, que s\u00ed que \u00e9s estrictament necess\u00e0ria per a enviaments d\u2019efectes personals.\t\t\t\t\t<\/p>\n\t\t\t\t\n\t\t\t<\/div>\n\t\t\t\n\t\t<\/div>\n\t\t\t\t\t\t<\/div>\n\t\t\t\t<\/div>\n\t\t\t\t<div class=\"elementor-element elementor-element-2aba246 elementor-position-inline-start elementor-view-default elementor-mobile-position-block-start elementor-widget elementor-widget-icon-box\" data-id=\"2aba246\" data-element_type=\"widget\" data-e-type=\"widget\" data-settings=\"{&quot;ekit_we_effect_on&quot;:&quot;none&quot;}\" data-widget_type=\"icon-box.default\">\n\t\t\t\t<div class=\"elementor-widget-container\">\n\t\t\t\t\t\t\t<div class=\"elementor-icon-box-wrapper\">\n\n\t\t\t\t\t\t<div class=\"elementor-icon-box-icon\">\n\t\t\t\t<a href=\"https:\/\/maresalogistica.com\/wp-content\/uploads\/2019\/12\/maresa-logistica-exoneracion.doc\" target=\"_blank\" class=\"elementor-icon\" tabindex=\"-1\" aria-label=\"Exoneraci\u00f3 d&#039;asseguran\u00e7a de mercaderies\">\n\t\t\t\t<i aria-hidden=\"true\" class=\"fas fa-file-word\"><\/i>\t\t\t\t<\/a>\n\t\t\t<\/div>\n\t\t\t\n\t\t\t\t\t\t<div class=\"elementor-icon-box-content\">\n\n\t\t\t\t\t\t\t\t\t<h3 class=\"elementor-icon-box-title\">\n\t\t\t\t\t\t<a href=\"https:\/\/maresalogistica.com\/wp-content\/uploads\/2019\/12\/maresa-logistica-exoneracion.doc\" target=\"_blank\" >\n\t\t\t\t\t\t\tExoneraci\u00f3 d'asseguran\u00e7a de mercaderies\t\t\t\t\t\t<\/a>\n\t\t\t\t\t<\/h3>\n\t\t\t\t\n\t\t\t\t\t\t\t\t\t<p class=\"elementor-icon-box-description\">\n\t\t\t\t\t\tQuan es disposi d'una p\u00f2lissa d'asseguran\u00e7a pr\u00f2pia i no es desitgi utilitzar la de la nostra companyia, s\u2019ha de confirmar mitjan\u00e7ant aquest escrit perqu\u00e8 no s\u2019apliqui la prima d'asseguran\u00e7a.\t\t\t\t\t<\/p>\n\t\t\t\t\n\t\t\t<\/div>\n\t\t\t\n\t\t<\/div>\n\t\t\t\t\t\t<\/div>\n\t\t\t\t<\/div>\n\t\t\t\t\t<\/div>\n\t\t<\/div>\n\t\t\t\t<div class=\"elementor-column elementor-col-50 elementor-top-column elementor-element elementor-element-67363e9\" data-id=\"67363e9\" data-element_type=\"column\" data-e-type=\"column\">\n\t\t\t<div class=\"elementor-widget-wrap elementor-element-populated\">\n\t\t\t\t\t\t<div class=\"elementor-element elementor-element-c4a41d3 elementor-position-inline-start elementor-view-default elementor-mobile-position-block-start elementor-widget elementor-widget-icon-box\" data-id=\"c4a41d3\" data-element_type=\"widget\" data-e-type=\"widget\" data-settings=\"{&quot;ekit_we_effect_on&quot;:&quot;none&quot;}\" data-widget_type=\"icon-box.default\">\n\t\t\t\t<div class=\"elementor-widget-container\">\n\t\t\t\t\t\t\t<div class=\"elementor-icon-box-wrapper\">\n\n\t\t\t\t\t\t<div class=\"elementor-icon-box-icon\">\n\t\t\t\t<a href=\"https:\/\/maresalogistica.com\/wp-content\/uploads\/2021\/02\/maresa_incoterms.pdf\" target=\"_blank\" class=\"elementor-icon\" tabindex=\"-1\" aria-label=\"Incoterms\">\n\t\t\t\t<i aria-hidden=\"true\" class=\"fas fa-file-word\"><\/i>\t\t\t\t<\/a>\n\t\t\t<\/div>\n\t\t\t\n\t\t\t\t\t\t<div class=\"elementor-icon-box-content\">\n\n\t\t\t\t\t\t\t\t\t<h3 class=\"elementor-icon-box-title\">\n\t\t\t\t\t\t<a href=\"https:\/\/maresalogistica.com\/wp-content\/uploads\/2021\/02\/maresa_incoterms.pdf\" target=\"_blank\" >\n\t\t\t\t\t\t\tIncoterms\t\t\t\t\t\t<\/a>\n\t\t\t\t\t<\/h3>\n\t\t\t\t\n\t\t\t\t\t\t\t\t\t<p class=\"elementor-icon-box-description\">\n\t\t\t\t\t\tEls incoterms s\u00f3n unes regles internacionals per a la interpretaci\u00f3 dels termes comercials fixats per la Cambra de Comer\u00e7 Internacional. La Paraula INCOTERM ve de la contracci\u00f3 de l'angl\u00e8s: INternational COmmercial TERMs (Termes de comer\u00e7 internacional).\t\t\t\t\t<\/p>\n\t\t\t\t\n\t\t\t<\/div>\n\t\t\t\n\t\t<\/div>\n\t\t\t\t\t\t<\/div>\n\t\t\t\t<\/div>\n\t\t\t\t<div class=\"elementor-element elementor-element-5437aef elementor-position-inline-start elementor-view-default elementor-mobile-position-block-start elementor-widget elementor-widget-icon-box\" data-id=\"5437aef\" data-element_type=\"widget\" data-e-type=\"widget\" data-settings=\"{&quot;ekit_we_effect_on&quot;:&quot;none&quot;}\" data-widget_type=\"icon-box.default\">\n\t\t\t\t<div class=\"elementor-widget-container\">\n\t\t\t\t\t\t\t<div class=\"elementor-icon-box-wrapper\">\n\n\t\t\t\t\t\t<div class=\"elementor-icon-box-icon\">\n\t\t\t\t<a href=\"https:\/\/maresalogistica.com\/wp-content\/uploads\/2021\/02\/maresa_logistica_contenedor_mar.pdf\" target=\"_blank\" class=\"elementor-icon\" tabindex=\"-1\" aria-label=\"Tipus de contenidors mar\u00edtims\">\n\t\t\t\t<i aria-hidden=\"true\" class=\"fas fa-file-word\"><\/i>\t\t\t\t<\/a>\n\t\t\t<\/div>\n\t\t\t\n\t\t\t\t\t\t<div class=\"elementor-icon-box-content\">\n\n\t\t\t\t\t\t\t\t\t<h3 class=\"elementor-icon-box-title\">\n\t\t\t\t\t\t<a href=\"https:\/\/maresalogistica.com\/wp-content\/uploads\/2021\/02\/maresa_logistica_contenedor_mar.pdf\" target=\"_blank\" >\n\t\t\t\t\t\t\tTipus de contenidors mar\u00edtims\t\t\t\t\t\t<\/a>\n\t\t\t\t\t<\/h3>\n\t\t\t\t\n\t\t\t\t\t\t\t\t\t<p class=\"elementor-icon-box-description\">\n\t\t\t\t\t\tEquival\u00e8ncia pes a volum per agrupatge mar\u00edtim 1 m3= 333 kg. Les capacitats i els pesos s\u00f3n orientatius i poden estar subjectes a canvis. No tots els tipus de contenidors estan disponibles per les navilieres.\t\t\t\t\t<\/p>\n\t\t\t\t\n\t\t\t<\/div>\n\t\t\t\n\t\t<\/div>\n\t\t\t\t\t\t<\/div>\n\t\t\t\t<\/div>\n\t\t\t\t<div class=\"elementor-element elementor-element-e885bd5 elementor-position-inline-start elementor-view-default elementor-mobile-position-block-start elementor-widget elementor-widget-icon-box\" data-id=\"e885bd5\" data-element_type=\"widget\" data-e-type=\"widget\" data-settings=\"{&quot;ekit_we_effect_on&quot;:&quot;none&quot;}\" data-widget_type=\"icon-box.default\">\n\t\t\t\t<div class=\"elementor-widget-container\">\n\t\t\t\t\t\t\t<div class=\"elementor-icon-box-wrapper\">\n\n\t\t\t\t\t\t<div class=\"elementor-icon-box-icon\">\n\t\t\t\t<a href=\"https:\/\/maresalogistica.com\/wp-content\/uploads\/2021\/02\/maresa_cont_aereos.pdf\" target=\"_blank\" class=\"elementor-icon\" tabindex=\"-1\" aria-label=\"Tipus de contenidors aeris \">\n\t\t\t\t<i aria-hidden=\"true\" class=\"fas fa-file-word\"><\/i>\t\t\t\t<\/a>\n\t\t\t<\/div>\n\t\t\t\n\t\t\t\t\t\t<div class=\"elementor-icon-box-content\">\n\n\t\t\t\t\t\t\t\t\t<h3 class=\"elementor-icon-box-title\">\n\t\t\t\t\t\t<a href=\"https:\/\/maresalogistica.com\/wp-content\/uploads\/2021\/02\/maresa_cont_aereos.pdf\" target=\"_blank\" >\n\t\t\t\t\t\t\tTipus de contenidors aeris \t\t\t\t\t\t<\/a>\n\t\t\t\t\t<\/h3>\n\t\t\t\t\n\t\t\t\t\t\t\t\t\t<p class=\"elementor-icon-box-description\">\n\t\t\t\t\t\tDisponibles segons els vols, les companyies i el tipus d'aeronau. Caldr\u00e0 consultar amb la delegaci\u00f3 de Maresa Log\u00edstica corresponent.\t\t\t\t\t<\/p>\n\t\t\t\t\n\t\t\t<\/div>\n\t\t\t\n\t\t<\/div>\n\t\t\t\t\t\t<\/div>\n\t\t\t\t<\/div>\n\t\t\t\t\t<\/div>\n\t\t<\/div>\n\t\t\t\t\t<\/div>\n\t\t<\/section>\n\t\t\t\t<section class=\"elementor-section elementor-top-section elementor-element elementor-element-eca9ded elementor-section-boxed elementor-section-height-default elementor-section-height-default\" data-id=\"eca9ded\" data-element_type=\"section\" data-e-type=\"section\">\n\t\t\t\t\t\t<div class=\"elementor-container elementor-column-gap-default\">\n\t\t\t\t\t<div class=\"elementor-column elementor-col-100 elementor-top-column elementor-element elementor-element-60b617a\" data-id=\"60b617a\" data-element_type=\"column\" data-e-type=\"column\">\n\t\t\t<div class=\"elementor-widget-wrap elementor-element-populated\">\n\t\t\t\t\t\t<div class=\"elementor-element elementor-element-c7b3d69 elementor-widget elementor-widget-spacer\" data-id=\"c7b3d69\" data-element_type=\"widget\" data-e-type=\"widget\" data-settings=\"{&quot;ekit_we_effect_on&quot;:&quot;none&quot;}\" data-widget_type=\"spacer.default\">\n\t\t\t\t<div class=\"elementor-widget-container\">\n\t\t\t\t\t\t\t<div class=\"elementor-spacer\">\n\t\t\t<div class=\"elementor-spacer-inner\"><\/div>\n\t\t<\/div>\n\t\t\t\t\t\t<\/div>\n\t\t\t\t<\/div>\n\t\t\t\t\t<\/div>\n\t\t<\/div>\n\t\t\t\t\t<\/div>\n\t\t<\/section>\n\t\t\t\t<\/div>\n\t\t","protected":false},"excerpt":{"rendered":"<p>Documents per descarregar d&#8217;\u00fas m\u00e9s freq\u00fcent en l&#8217;enviament de mercaderia. Expedidor conegut D&#8217;acord amb el PNS (Pla Nacional de Seguretat), per poder expedir mercaderies per via a\u00e8ria i registrar-se com a expedidor segur s&#8217;ha d&#8217;emplenar aquesta declaraci\u00f3. Nom\u00e9s \u00e9s necessari emplenar-la la primera vegada que es realitzi un transport aeri amb nosaltres. Declaraci\u00f3 jurada Per &#8230; <a title=\"DOCUMENTS DESCARREGABLES\" class=\"read-more\" href=\"https:\/\/maresalogistica.com\/ca\/documents-descarregables\/\" aria-label=\"M\u00e9s informaci\u00f3 sobre DOCUMENTS DESCARREGABLES\">Llegiu m\u00e9s<\/a><\/p>\n","protected":false},"author":3,"featured_media":0,"parent":0,"menu_order":10,"comment_status":"closed","ping_status":"closed","template":"","meta":{"_monsterinsights_skip_tracking":false,"_monsterinsights_sitenote_active":false,"_monsterinsights_sitenote_note":"","_monsterinsights_sitenote_category":0,"footnotes":"","_links_to":"","_links_to_target":""},"class_list":["post-2029","page","type-page","status-publish"],"yoast_head":"<!-- This site is optimized with the Yoast SEO plugin v27.3 - https:\/\/yoast.com\/product\/yoast-seo-wordpress\/ -->\n<title>DOCUMENTS DESCARREGABLES &#060; Maresa Log\u00edstica<\/title>\n<meta name=\"description\" content=\"Accedeix a documents importants relacionats amb l&#039;enviament de mercaderies com ara els incoterms o els tipus de contenidors mar\u00edtims.\" \/>\n<meta name=\"robots\" content=\"index, follow, max-snippet:-1, max-image-preview:large, max-video-preview:-1\" \/>\n<link rel=\"canonical\" href=\"https:\/\/maresalogistica.com\/ca\/documents-descarregables\/\" \/>\n<meta property=\"og:locale\" content=\"ca_ES\" \/>\n<meta property=\"og:type\" content=\"article\" \/>\n<meta property=\"og:title\" content=\"DOCUMENTS DESCARREGABLES &#060; Maresa Log\u00edstica\" \/>\n<meta property=\"og:description\" content=\"Accedeix a documents importants relacionats amb l&#039;enviament de mercaderies com ara els incoterms o els tipus de contenidors mar\u00edtims.\" \/>\n<meta property=\"og:url\" content=\"https:\/\/maresalogistica.com\/ca\/documents-descarregables\/\" \/>\n<meta property=\"og:site_name\" content=\"Maresa Log\u00edstica\" \/>\n<meta property=\"article:modified_time\" content=\"2021-02-11T15:09:42+00:00\" \/>\n<meta name=\"twitter:card\" content=\"summary_large_image\" \/>\n<meta name=\"twitter:label1\" content=\"Temps estimat de lectura\" \/>\n\t<meta name=\"twitter:data1\" content=\"1 minut\" \/>\n<script type=\"application\/ld+json\" class=\"yoast-schema-graph\">{\"@context\":\"https:\\\/\\\/schema.org\",\"@graph\":[{\"@type\":\"WebPage\",\"@id\":\"https:\\\/\\\/maresalogistica.com\\\/ca\\\/documents-descarregables\\\/\",\"url\":\"https:\\\/\\\/maresalogistica.com\\\/ca\\\/documents-descarregables\\\/\",\"name\":\"DOCUMENTS DESCARREGABLES &#060; Maresa Log\u00edstica\",\"isPartOf\":{\"@id\":\"https:\\\/\\\/maresalogistica.com\\\/ca\\\/#website\"},\"datePublished\":\"2020-06-02T23:01:04+00:00\",\"dateModified\":\"2021-02-11T15:09:42+00:00\",\"description\":\"Accedeix a documents importants relacionats amb l'enviament de mercaderies com ara els incoterms o els tipus de contenidors mar\u00edtims.\",\"breadcrumb\":{\"@id\":\"https:\\\/\\\/maresalogistica.com\\\/ca\\\/documents-descarregables\\\/#breadcrumb\"},\"inLanguage\":\"ca\",\"potentialAction\":[{\"@type\":\"ReadAction\",\"target\":[\"https:\\\/\\\/maresalogistica.com\\\/ca\\\/documents-descarregables\\\/\"]}]},{\"@type\":\"BreadcrumbList\",\"@id\":\"https:\\\/\\\/maresalogistica.com\\\/ca\\\/documents-descarregables\\\/#breadcrumb\",\"itemListElement\":[{\"@type\":\"ListItem\",\"position\":1,\"name\":\"Home\",\"item\":\"https:\\\/\\\/maresalogistica.com\\\/ca\\\/\"},{\"@type\":\"ListItem\",\"position\":2,\"name\":\"DOCUMENTS DESCARREGABLES\"}]},{\"@type\":\"WebSite\",\"@id\":\"https:\\\/\\\/maresalogistica.com\\\/ca\\\/#website\",\"url\":\"https:\\\/\\\/maresalogistica.com\\\/ca\\\/\",\"name\":\"Maresa Log\u00edstica\",\"description\":\"Operador log\u00edstico y de transportes\",\"publisher\":{\"@id\":\"https:\\\/\\\/maresalogistica.com\\\/ca\\\/#organization\"},\"potentialAction\":[{\"@type\":\"SearchAction\",\"target\":{\"@type\":\"EntryPoint\",\"urlTemplate\":\"https:\\\/\\\/maresalogistica.com\\\/ca\\\/?s={search_term_string}\"},\"query-input\":{\"@type\":\"PropertyValueSpecification\",\"valueRequired\":true,\"valueName\":\"search_term_string\"}}],\"inLanguage\":\"ca\"},{\"@type\":\"Organization\",\"@id\":\"https:\\\/\\\/maresalogistica.com\\\/ca\\\/#organization\",\"name\":\"Maresa log\u00edstica > log\u00edstica y transportes a Baleares, Canarias, Ceuta y Melilla\",\"url\":\"https:\\\/\\\/maresalogistica.com\\\/ca\\\/\",\"logo\":{\"@type\":\"ImageObject\",\"inLanguage\":\"ca\",\"@id\":\"https:\\\/\\\/maresalogistica.com\\\/ca\\\/#\\\/schema\\\/logo\\\/image\\\/\",\"url\":\"https:\\\/\\\/maresalogistica.com\\\/wp-content\\\/uploads\\\/2020\\\/02\\\/logo-maresa-logistica-square-big.png\",\"contentUrl\":\"https:\\\/\\\/maresalogistica.com\\\/wp-content\\\/uploads\\\/2020\\\/02\\\/logo-maresa-logistica-square-big.png\",\"width\":420,\"height\":420,\"caption\":\"Maresa log\u00edstica > log\u00edstica y transportes a Baleares, Canarias, Ceuta y Melilla\"},\"image\":{\"@id\":\"https:\\\/\\\/maresalogistica.com\\\/ca\\\/#\\\/schema\\\/logo\\\/image\\\/\"}}]}<\/script>\n<!-- \/ Yoast SEO plugin. -->","yoast_head_json":{"title":"DOCUMENTS DESCARREGABLES &#060; Maresa Log\u00edstica","description":"Accedeix a documents importants relacionats amb l'enviament de mercaderies com ara els incoterms o els tipus de contenidors mar\u00edtims.","robots":{"index":"index","follow":"follow","max-snippet":"max-snippet:-1","max-image-preview":"max-image-preview:large","max-video-preview":"max-video-preview:-1"},"canonical":"https:\/\/maresalogistica.com\/ca\/documents-descarregables\/","og_locale":"ca_ES","og_type":"article","og_title":"DOCUMENTS DESCARREGABLES &#060; Maresa Log\u00edstica","og_description":"Accedeix a documents importants relacionats amb l'enviament de mercaderies com ara els incoterms o els tipus de contenidors mar\u00edtims.","og_url":"https:\/\/maresalogistica.com\/ca\/documents-descarregables\/","og_site_name":"Maresa Log\u00edstica","article_modified_time":"2021-02-11T15:09:42+00:00","twitter_card":"summary_large_image","twitter_misc":{"Temps estimat de lectura":"1 minut"},"schema":{"@context":"https:\/\/schema.org","@graph":[{"@type":"WebPage","@id":"https:\/\/maresalogistica.com\/ca\/documents-descarregables\/","url":"https:\/\/maresalogistica.com\/ca\/documents-descarregables\/","name":"DOCUMENTS DESCARREGABLES &#060; Maresa Log\u00edstica","isPartOf":{"@id":"https:\/\/maresalogistica.com\/ca\/#website"},"datePublished":"2020-06-02T23:01:04+00:00","dateModified":"2021-02-11T15:09:42+00:00","description":"Accedeix a documents importants relacionats amb l'enviament de mercaderies com ara els incoterms o els tipus de contenidors mar\u00edtims.","breadcrumb":{"@id":"https:\/\/maresalogistica.com\/ca\/documents-descarregables\/#breadcrumb"},"inLanguage":"ca","potentialAction":[{"@type":"ReadAction","target":["https:\/\/maresalogistica.com\/ca\/documents-descarregables\/"]}]},{"@type":"BreadcrumbList","@id":"https:\/\/maresalogistica.com\/ca\/documents-descarregables\/#breadcrumb","itemListElement":[{"@type":"ListItem","position":1,"name":"Home","item":"https:\/\/maresalogistica.com\/ca\/"},{"@type":"ListItem","position":2,"name":"DOCUMENTS DESCARREGABLES"}]},{"@type":"WebSite","@id":"https:\/\/maresalogistica.com\/ca\/#website","url":"https:\/\/maresalogistica.com\/ca\/","name":"Maresa Log\u00edstica","description":"Operador log\u00edstico y de transportes","publisher":{"@id":"https:\/\/maresalogistica.com\/ca\/#organization"},"potentialAction":[{"@type":"SearchAction","target":{"@type":"EntryPoint","urlTemplate":"https:\/\/maresalogistica.com\/ca\/?s={search_term_string}"},"query-input":{"@type":"PropertyValueSpecification","valueRequired":true,"valueName":"search_term_string"}}],"inLanguage":"ca"},{"@type":"Organization","@id":"https:\/\/maresalogistica.com\/ca\/#organization","name":"Maresa log\u00edstica > log\u00edstica y transportes a Baleares, Canarias, Ceuta y Melilla","url":"https:\/\/maresalogistica.com\/ca\/","logo":{"@type":"ImageObject","inLanguage":"ca","@id":"https:\/\/maresalogistica.com\/ca\/#\/schema\/logo\/image\/","url":"https:\/\/maresalogistica.com\/wp-content\/uploads\/2020\/02\/logo-maresa-logistica-square-big.png","contentUrl":"https:\/\/maresalogistica.com\/wp-content\/uploads\/2020\/02\/logo-maresa-logistica-square-big.png","width":420,"height":420,"caption":"Maresa log\u00edstica > log\u00edstica y transportes a Baleares, Canarias, Ceuta y Melilla"},"image":{"@id":"https:\/\/maresalogistica.com\/ca\/#\/schema\/logo\/image\/"}}]}},"_links":{"self":[{"href":"https:\/\/maresalogistica.com\/ca\/wp-json\/wp\/v2\/pages\/2029","targetHints":{"allow":["GET"]}}],"collection":[{"href":"https:\/\/maresalogistica.com\/ca\/wp-json\/wp\/v2\/pages"}],"about":[{"href":"https:\/\/maresalogistica.com\/ca\/wp-json\/wp\/v2\/types\/page"}],"author":[{"embeddable":true,"href":"https:\/\/maresalogistica.com\/ca\/wp-json\/wp\/v2\/users\/3"}],"replies":[{"embeddable":true,"href":"https:\/\/maresalogistica.com\/ca\/wp-json\/wp\/v2\/comments?post=2029"}],"version-history":[{"count":10,"href":"https:\/\/maresalogistica.com\/ca\/wp-json\/wp\/v2\/pages\/2029\/revisions"}],"predecessor-version":[{"id":2652,"href":"https:\/\/maresalogistica.com\/ca\/wp-json\/wp\/v2\/pages\/2029\/revisions\/2652"}],"wp:attachment":[{"href":"https:\/\/maresalogistica.com\/ca\/wp-json\/wp\/v2\/media?parent=2029"}],"curies":[{"name":"wp","href":"https:\/\/api.w.org\/{rel}","templated":true}]}}